{"id":1906,"date":"2026-03-13T17:59:41","date_gmt":"2026-03-13T15:59:41","guid":{"rendered":"https:\/\/somabeauty.fi\/?page_id=1906"},"modified":"2026-03-13T18:12:32","modified_gmt":"2026-03-13T16:12:32","slug":"tapahtumakalenteri","status":"publish","type":"page","link":"https:\/\/somabeauty.fi\/en\/tapahtumakalenteri\/","title":{"rendered":"Tapahtumakalenteri"},"content":{"rendered":"<div data-elementor-type=\"wp-page\" data-elementor-id=\"1906\" class=\"elementor elementor-1906\" data-elementor-post-type=\"page\">\n\t\t\t\t<div class=\"elementor-element elementor-element-39096aa e-flex e-con-boxed e-con e-parent\" data-id=\"39096aa\" data-element_type=\"container\" data-e-type=\"container\">\n\t\t\t\t\t<div class=\"e-con-inner\">\n\t\t\t\t<div class=\"elementor-element elementor-element-e47203c elementor-widget elementor-widget-shortcode\" data-id=\"e47203c\" data-element_type=\"widget\" data-e-type=\"widget\" data-widget_type=\"shortcode.default\">\n\t\t\t\t<div class=\"elementor-widget-container\">\n\t\t\t\t\t\t\t<div class=\"elementor-shortcode\">        <div class=\"ses-events-list\">\n                            <p class=\"ses-no-events\">Ei tulevia tapahtumia<\/p>\n                    <\/div>\n\n        <style>\n            .ses-events-list {\n                display: grid;\n                gap: 20px;\n            }\n\n            .ses-event-item {\n                padding: 20px;\n                border: 1px solid #e5e5e5;\n                border-radius: 12px;\n                background: #fff;\n                box-shadow: 0 2px 10px rgba(0,0,0,0.04);\n            }\n\n            .ses-event-title {\n                margin: 0 0 8px;\n                font-size: 1.35rem;\n                line-height: 1.2;\n            }\n\n            .ses-event-date {\n                font-weight: 600;\n                margin-bottom: 12px;\n                color: #444;\n            }\n\n            .ses-event-content p:last-child,\n            .ses-event-excerpt p:last-child {\n                margin-bottom: 0;\n            }\n\n            .ses-no-events {\n                margin: 0;\n            }\n        <\/style>\n        <\/div>\n\t\t\t\t\t\t<\/div>\n\t\t\t\t<\/div>\n\t\t\t\t\t<\/div>\n\t\t\t\t<\/div>\n\t\t<div class=\"elementor-element elementor-element-b2b1d28 e-flex e-con-boxed e-con e-parent\" data-id=\"b2b1d28\" data-element_type=\"container\" data-e-type=\"container\" data-settings=\"{&quot;background_background&quot;:&quot;classic&quot;}\">\n\t\t\t\t\t<div class=\"e-con-inner\">\n\t\t<div class=\"elementor-element elementor-element-91e570c e-con-full e-flex e-con e-child\" data-id=\"91e570c\" data-element_type=\"container\" data-e-type=\"container\">\n\t\t\t\t<div class=\"elementor-element elementor-element-4fd19ae elementor-widget elementor-widget-heading\" data-id=\"4fd19ae\" data-element_type=\"widget\" data-e-type=\"widget\" data-widget_type=\"heading.default\">\n\t\t\t\t<div class=\"elementor-widget-container\">\n\t\t\t\t\t<h3 class=\"elementor-heading-title elementor-size-default\">Contact us<\/h3>\t\t\t\t<\/div>\n\t\t\t\t<\/div>\n\t\t\t\t<div class=\"elementor-element elementor-element-d9b1275 elementor-widget elementor-widget-text-editor\" data-id=\"d9b1275\" data-element_type=\"widget\" data-e-type=\"widget\" data-widget_type=\"text-editor.default\">\n\t\t\t\t<div class=\"elementor-widget-container\">\n\t\t\t\t\t\t\t\t\t<p>If you have any questions about the treatments or want to discuss with us, for example, whether the treatment is right for you, fill out the attached form. We'll get back to you as soon as possible!<\/p>\t\t\t\t\t\t\t\t<\/div>\n\t\t\t\t<\/div>\n\t\t\t\t<div class=\"elementor-element elementor-element-a14fe77 elementor-align-left elementor-widget elementor-widget-button\" data-id=\"a14fe77\" data-element_type=\"widget\" data-e-type=\"widget\" data-widget_type=\"button.default\">\n\t\t\t\t<div class=\"elementor-widget-container\">\n\t\t\t\t\t\t\t\t\t<div class=\"elementor-button-wrapper\">\n\t\t\t\t\t<a class=\"elementor-button elementor-button-link elementor-size-sm\" href=\"https:\/\/somabeauty.fi\/en\/varaa-aika\/\">\n\t\t\t\t\t\t<span class=\"elementor-button-content-wrapper\">\n\t\t\t\t\t\t\t\t\t<span class=\"elementor-button-text\">Book now<\/span>\n\t\t\t\t\t<\/span>\n\t\t\t\t\t<\/a>\n\t\t\t\t<\/div>\n\t\t\t\t\t\t\t\t<\/div>\n\t\t\t\t<\/div>\n\t\t\t\t<\/div>\n\t\t<div class=\"elementor-element elementor-element-bd2b181 e-con-full e-flex e-con e-child\" data-id=\"bd2b181\" data-element_type=\"container\" data-e-type=\"container\">\n\t\t\t\t<div class=\"elementor-element elementor-element-d33a49a elementor-widget elementor-widget-shortcode\" data-id=\"d33a49a\" data-element_type=\"widget\" data-e-type=\"widget\" data-widget_type=\"shortcode.default\">\n\t\t\t\t<div class=\"elementor-widget-container\">\n\t\t\t\t\t\t\t<div class=\"elementor-shortcode\">\n<div class=\"wpcf7 no-js\" id=\"wpcf7-f448-o1\" lang=\"en-US\" dir=\"ltr\" data-wpcf7-id=\"448\">\n<div class=\"screen-reader-response\"><p role=\"status\" aria-live=\"polite\" aria-atomic=\"true\"><\/p> <ul><\/ul><\/div>\n<form action=\"\/en\/wp-json\/wp\/v2\/pages\/1906#wpcf7-f448-o1\" method=\"post\" class=\"wpcf7-form init\" aria-label=\"Contact form\" novalidate=\"novalidate\" data-status=\"init\" data-trp-original-action=\"\/en\/wp-json\/wp\/v2\/pages\/1906#wpcf7-f448-o1\">\n<fieldset class=\"hidden-fields-container\"><input type=\"hidden\" name=\"_wpcf7\" value=\"448\" \/><input type=\"hidden\" name=\"_wpcf7_version\" value=\"6.1.5\" \/><input type=\"hidden\" name=\"_wpcf7_locale\" value=\"en_US\" \/><input type=\"hidden\" name=\"_wpcf7_unit_tag\" value=\"wpcf7-f448-o1\" \/><input type=\"hidden\" name=\"_wpcf7_container_post\" value=\"0\" \/><input type=\"hidden\" name=\"_wpcf7_posted_data_hash\" value=\"\" \/>\n<\/fieldset>\n<p><span class=\"wpcf7-form-control-wrap\" data-name=\"your-name\"><input size=\"40\" maxlength=\"400\" class=\"wpcf7-form-control wpcf7-text wpcf7-validates-as-required\" autocomplete=\"name\" aria-required=\"true\" aria-invalid=\"false\" placeholder=\"Full name\" value=\"\" type=\"text\" name=\"your-name\" \/><\/span>\n<\/p>\n<p><span class=\"wpcf7-form-control-wrap\" data-name=\"your-email\"><input size=\"40\" maxlength=\"400\" class=\"wpcf7-form-control wpcf7-email wpcf7-validates-as-required wpcf7-text wpcf7-validates-as-email\" autocomplete=\"email\" aria-required=\"true\" aria-invalid=\"false\" placeholder=\"Email\" value=\"\" type=\"email\" name=\"your-email\" \/><\/span>\n<\/p>\n<p><span class=\"wpcf7-form-control-wrap\" data-name=\"your-subject\"><input size=\"40\" maxlength=\"400\" class=\"wpcf7-form-control wpcf7-tel wpcf7-validates-as-required wpcf7-text wpcf7-validates-as-tel\" autocomplete=\"tel\" aria-required=\"true\" aria-invalid=\"false\" placeholder=\"Phone number\" value=\"\" type=\"tel\" name=\"your-subject\" \/><\/span>\n<\/p>\n<p><span class=\"wpcf7-form-control-wrap\" data-name=\"your-message\"><textarea cols=\"40\" rows=\"10\" maxlength=\"2000\" class=\"wpcf7-form-control wpcf7-textarea\" aria-invalid=\"false\" placeholder=\"Write a message here...\" name=\"your-message\"><\/textarea><\/span>\n<\/p>\n<p>By sending a message, you agree that Soma Beauty Clinic can contact you by phone, message or email.\n<\/p>\n<p><input class=\"wpcf7-form-control wpcf7-submit has-spinner\" type=\"submit\" value=\"Send\" \/>\n<\/p><div class=\"wpcf7-response-output\" aria-hidden=\"true\"><\/div>\n<input type=\"hidden\" name=\"trp-form-language\" value=\"en\"\/><\/form>\n<\/div>\n<\/div>\n\t\t\t\t\t\t<\/div>\n\t\t\t\t<\/div>\n\t\t\t\t<\/div>\n\t\t\t\t\t<\/div>\n\t\t\t\t<\/div>\n\t\t\t\t<\/div>","protected":false},"excerpt":{"rendered":"<p>Ota yhteytt\u00e4 Mik\u00e4li sinulla on kysytt\u00e4v\u00e4\u00e4 hoidoista tai haluat keskustella kanssamme esimerkiksi hoidon sopivuudesta juuri sinulle, t\u00e4yt\u00e4 oheinen lomake. Palaamme [&hellip;]<\/p>\n","protected":false},"author":1,"featured_media":0,"parent":0,"menu_order":0,"comment_status":"closed","ping_status":"closed","template":"","meta":{"site-sidebar-layout":"no-sidebar","site-content-layout":"","ast-site-content-layout":"full-width-container","site-content-style":"default","site-sidebar-style":"default","ast-global-header-display":"","ast-banner-title-visibility":"","ast-main-header-display":"","ast-hfb-above-header-display":"","ast-hfb-below-header-display":"","ast-hfb-mobile-header-display":"","site-post-title":"disabled","ast-breadcrumbs-content":"","ast-featured-img":"disabled","footer-sml-layout":"","theme-transparent-header-meta":"","adv-header-id-meta":"","stick-header-meta":"","header-above-stick-meta":"","header-main-stick-meta":"","header-below-stick-meta":"","astra-migrate-meta-layouts":"default","ast-page-background-enabled":"default","ast-page-background-meta":{"desktop":{"background-color":"var(--ast-global-color-4)","background-image":"","background-repeat":"repeat","background-position":"center center","background-size":"auto","background-attachment":"scroll","background-type":"","background-media":"","overlay-type":"","overlay-color":"","overlay-opacity":"","overlay-gradient":""},"tablet":{"background-color":"","background-image":"","background-repeat":"repeat","background-position":"center center","background-size":"auto","background-attachment":"scroll","background-type":"","background-media":"","overlay-type":"","overlay-color":"","overlay-opacity":"","overlay-gradient":""},"mobile":{"background-color":"","background-image":"","background-repeat":"repeat","background-position":"center center","background-size":"auto","background-attachment":"scroll","background-type":"","background-media":"","overlay-type":"","overlay-color":"","overlay-opacity":"","overlay-gradient":""}},"ast-content-background-meta":{"desktop":{"background-color":"var(--ast-global-color-5)","background-image":"","background-repeat":"repeat","background-position":"center center","background-size":"auto","background-attachment":"scroll","background-type":"","background-media":"","overlay-type":"","overlay-color":"","overlay-opacity":"","overlay-gradient":""},"tablet":{"background-color":"var(--ast-global-color-5)","background-image":"","background-repeat":"repeat","background-position":"center center","background-size":"auto","background-attachment":"scroll","background-type":"","background-media":"","overlay-type":"","overlay-color":"","overlay-opacity":"","overlay-gradient":""},"mobile":{"background-color":"var(--ast-global-color-5)","background-image":"","background-repeat":"repeat","background-position":"center center","background-size":"auto","background-attachment":"scroll","background-type":"","background-media":"","overlay-type":"","overlay-color":"","overlay-opacity":"","overlay-gradient":""}},"footnotes":""},"class_list":["post-1906","page","type-page","status-publish","hentry"],"yoast_head":"<!-- This site is optimized with the Yoast SEO plugin v27.1.1 - https:\/\/yoast.com\/product\/yoast-seo-wordpress\/ -->\n<title>Soma Beauty Clinic | Tapahtumakalenteri<\/title>\n<meta name=\"robots\" content=\"index, follow, max-snippet:-1, max-image-preview:large, max-video-preview:-1\" \/>\n<link rel=\"canonical\" href=\"https:\/\/somabeauty.fi\/en\/tapahtumakalenteri\/\" \/>\n<meta property=\"og:locale\" content=\"en_GB\" \/>\n<meta property=\"og:type\" content=\"article\" \/>\n<meta property=\"og:title\" content=\"Soma Beauty Clinic | Tapahtumakalenteri\" \/>\n<meta property=\"og:description\" content=\"Ota yhteytt\u00e4 Mik\u00e4li sinulla on kysytt\u00e4v\u00e4\u00e4 hoidoista tai haluat keskustella kanssamme esimerkiksi hoidon sopivuudesta juuri sinulle, t\u00e4yt\u00e4 oheinen lomake. Palaamme [&hellip;]\" \/>\n<meta property=\"og:url\" content=\"https:\/\/somabeauty.fi\/en\/tapahtumakalenteri\/\" \/>\n<meta property=\"og:site_name\" content=\"Soma Beauty Clinic\" \/>\n<meta property=\"article:publisher\" content=\"https:\/\/www.facebook.com\/somabeauty.fi\/\" \/>\n<meta property=\"article:modified_time\" content=\"2026-03-13T16:12:32+00:00\" \/>\n<meta name=\"twitter:card\" content=\"summary_large_image\" \/>\n<meta name=\"twitter:label1\" content=\"Estimated reading time\" \/>\n\t<meta name=\"twitter:data1\" content=\"1 minute\" \/>\n<script type=\"application\/ld+json\" class=\"yoast-schema-graph\">{\"@context\":\"https:\/\/schema.org\",\"@graph\":[{\"@type\":\"WebPage\",\"@id\":\"https:\/\/somabeauty.fi\/tapahtumakalenteri\/\",\"url\":\"https:\/\/somabeauty.fi\/tapahtumakalenteri\/\",\"name\":\"Soma Beauty Clinic | Tapahtumakalenteri\",\"isPartOf\":{\"@id\":\"https:\/\/somabeauty.fi\/#website\"},\"datePublished\":\"2026-03-13T15:59:41+00:00\",\"dateModified\":\"2026-03-13T16:12:32+00:00\",\"breadcrumb\":{\"@id\":\"https:\/\/somabeauty.fi\/tapahtumakalenteri\/#breadcrumb\"},\"inLanguage\":\"en-GB\",\"potentialAction\":[{\"@type\":\"ReadAction\",\"target\":[\"https:\/\/somabeauty.fi\/tapahtumakalenteri\/\"]}]},{\"@type\":\"BreadcrumbList\",\"@id\":\"https:\/\/somabeauty.fi\/tapahtumakalenteri\/#breadcrumb\",\"itemListElement\":[{\"@type\":\"ListItem\",\"position\":1,\"name\":\"Home\",\"item\":\"https:\/\/somabeauty.fi\/\"},{\"@type\":\"ListItem\",\"position\":2,\"name\":\"Tapahtumakalenteri\"}]},{\"@type\":\"WebSite\",\"@id\":\"https:\/\/somabeauty.fi\/#website\",\"url\":\"https:\/\/somabeauty.fi\/\",\"name\":\"Soma Beauty Clinic\",\"description\":\"\",\"publisher\":{\"@id\":\"https:\/\/somabeauty.fi\/#organization\"},\"potentialAction\":[{\"@type\":\"SearchAction\",\"target\":{\"@type\":\"EntryPoint\",\"urlTemplate\":\"https:\/\/somabeauty.fi\/?s={search_term_string}\"},\"query-input\":{\"@type\":\"PropertyValueSpecification\",\"valueRequired\":true,\"valueName\":\"search_term_string\"}}],\"inLanguage\":\"en-GB\"},{\"@type\":\"Organization\",\"@id\":\"https:\/\/somabeauty.fi\/#organization\",\"name\":\"Soma Beauty Clinic\",\"url\":\"https:\/\/somabeauty.fi\/\",\"logo\":{\"@type\":\"ImageObject\",\"inLanguage\":\"en-GB\",\"@id\":\"https:\/\/somabeauty.fi\/#\/schema\/logo\/image\/\",\"url\":\"https:\/\/somabeauty.fi\/wp-content\/uploads\/2024\/08\/logo.webp\",\"contentUrl\":\"https:\/\/somabeauty.fi\/wp-content\/uploads\/2024\/08\/logo.webp\",\"width\":800,\"height\":624,\"caption\":\"Soma Beauty Clinic\"},\"image\":{\"@id\":\"https:\/\/somabeauty.fi\/#\/schema\/logo\/image\/\"},\"sameAs\":[\"https:\/\/www.facebook.com\/somabeauty.fi\/\",\"https:\/\/www.instagram.com\/somabeautyclinic\"]}]}<\/script>\n<!-- \/ Yoast SEO plugin. -->","yoast_head_json":{"title":"Soma Beauty Clinic | Tapahtumakalenteri","robots":{"index":"index","follow":"follow","max-snippet":"max-snippet:-1","max-image-preview":"max-image-preview:large","max-video-preview":"max-video-preview:-1"},"canonical":"https:\/\/somabeauty.fi\/en\/tapahtumakalenteri\/","og_locale":"en_GB","og_type":"article","og_title":"Soma Beauty Clinic | Tapahtumakalenteri","og_description":"Ota yhteytt\u00e4 Mik\u00e4li sinulla on kysytt\u00e4v\u00e4\u00e4 hoidoista tai haluat keskustella kanssamme esimerkiksi hoidon sopivuudesta juuri sinulle, t\u00e4yt\u00e4 oheinen lomake. Palaamme [&hellip;]","og_url":"https:\/\/somabeauty.fi\/en\/tapahtumakalenteri\/","og_site_name":"Soma Beauty Clinic","article_publisher":"https:\/\/www.facebook.com\/somabeauty.fi\/","article_modified_time":"2026-03-13T16:12:32+00:00","twitter_card":"summary_large_image","twitter_misc":{"Estimated reading time":"1 minute"},"schema":{"@context":"https:\/\/schema.org","@graph":[{"@type":"WebPage","@id":"https:\/\/somabeauty.fi\/tapahtumakalenteri\/","url":"https:\/\/somabeauty.fi\/tapahtumakalenteri\/","name":"Soma Beauty Clinic | Tapahtumakalenteri","isPartOf":{"@id":"https:\/\/somabeauty.fi\/#website"},"datePublished":"2026-03-13T15:59:41+00:00","dateModified":"2026-03-13T16:12:32+00:00","breadcrumb":{"@id":"https:\/\/somabeauty.fi\/tapahtumakalenteri\/#breadcrumb"},"inLanguage":"en-GB","potentialAction":[{"@type":"ReadAction","target":["https:\/\/somabeauty.fi\/tapahtumakalenteri\/"]}]},{"@type":"BreadcrumbList","@id":"https:\/\/somabeauty.fi\/tapahtumakalenteri\/#breadcrumb","itemListElement":[{"@type":"ListItem","position":1,"name":"Home","item":"https:\/\/somabeauty.fi\/"},{"@type":"ListItem","position":2,"name":"Tapahtumakalenteri"}]},{"@type":"WebSite","@id":"https:\/\/somabeauty.fi\/#website","url":"https:\/\/somabeauty.fi\/","name":"Soma Beauty Clinic","description":"","publisher":{"@id":"https:\/\/somabeauty.fi\/#organization"},"potentialAction":[{"@type":"SearchAction","target":{"@type":"EntryPoint","urlTemplate":"https:\/\/somabeauty.fi\/?s={search_term_string}"},"query-input":{"@type":"PropertyValueSpecification","valueRequired":true,"valueName":"search_term_string"}}],"inLanguage":"en-GB"},{"@type":"Organization","@id":"https:\/\/somabeauty.fi\/#organization","name":"Soma Beauty Clinic","url":"https:\/\/somabeauty.fi\/","logo":{"@type":"ImageObject","inLanguage":"en-GB","@id":"https:\/\/somabeauty.fi\/#\/schema\/logo\/image\/","url":"https:\/\/somabeauty.fi\/wp-content\/uploads\/2024\/08\/logo.webp","contentUrl":"https:\/\/somabeauty.fi\/wp-content\/uploads\/2024\/08\/logo.webp","width":800,"height":624,"caption":"Soma Beauty Clinic"},"image":{"@id":"https:\/\/somabeauty.fi\/#\/schema\/logo\/image\/"},"sameAs":["https:\/\/www.facebook.com\/somabeauty.fi\/","https:\/\/www.instagram.com\/somabeautyclinic"]}]}},"_links":{"self":[{"href":"https:\/\/somabeauty.fi\/en\/wp-json\/wp\/v2\/pages\/1906","targetHints":{"allow":["GET"]}}],"collection":[{"href":"https:\/\/somabeauty.fi\/en\/wp-json\/wp\/v2\/pages"}],"about":[{"href":"https:\/\/somabeauty.fi\/en\/wp-json\/wp\/v2\/types\/page"}],"author":[{"embeddable":true,"href":"https:\/\/somabeauty.fi\/en\/wp-json\/wp\/v2\/users\/1"}],"replies":[{"embeddable":true,"href":"https:\/\/somabeauty.fi\/en\/wp-json\/wp\/v2\/comments?post=1906"}],"version-history":[{"count":7,"href":"https:\/\/somabeauty.fi\/en\/wp-json\/wp\/v2\/pages\/1906\/revisions"}],"predecessor-version":[{"id":1918,"href":"https:\/\/somabeauty.fi\/en\/wp-json\/wp\/v2\/pages\/1906\/revisions\/1918"}],"wp:attachment":[{"href":"https:\/\/somabeauty.fi\/en\/wp-json\/wp\/v2\/media?parent=1906"}],"curies":[{"name":"wp","href":"https:\/\/api.w.org\/{rel}","templated":true}]}}