{"id":1630,"date":"2026-03-05T20:57:42","date_gmt":"2026-03-05T18:57:42","guid":{"rendered":"https:\/\/somabeauty.fi\/?page_id=1630"},"modified":"2026-03-10T10:20:54","modified_gmt":"2026-03-10T08:20:54","slug":"mesolanka-hoito","status":"publish","type":"page","link":"https:\/\/somabeauty.fi\/en\/mesolanka-hoito\/","title":{"rendered":"Meso thread treatment"},"content":{"rendered":"<div data-elementor-type=\"wp-page\" data-elementor-id=\"1630\" class=\"elementor elementor-1630\" data-elementor-post-type=\"page\">\n\t\t\t\t<div class=\"elementor-element elementor-element-4fc3b85 e-flex e-con-boxed e-con e-parent\" data-id=\"4fc3b85\" data-element_type=\"container\" data-e-type=\"container\">\n\t\t\t\t\t<div class=\"e-con-inner\">\n\t\t<div class=\"elementor-element elementor-element-a549cc5 e-con-full e-flex e-con e-child\" data-id=\"a549cc5\" data-element_type=\"container\" data-e-type=\"container\">\n\t\t\t\t<div class=\"elementor-element elementor-element-1c9fe75 elementor-widget elementor-widget-image\" data-id=\"1c9fe75\" data-element_type=\"widget\" data-e-type=\"widget\" data-widget_type=\"image.default\">\n\t\t\t\t<div class=\"elementor-widget-container\">\n\t\t\t\t\t\t\t\t\t\t\t\t\t\t\t<img fetchpriority=\"high\" decoding=\"async\" width=\"682\" height=\"1024\" src=\"https:\/\/somabeauty.fi\/wp-content\/uploads\/2024\/07\/cog-langat-682x1024.webp\" class=\"attachment-large size-large wp-image-899\" alt=\"\" srcset=\"https:\/\/somabeauty.fi\/wp-content\/uploads\/2024\/07\/cog-langat-682x1024.webp 682w, https:\/\/somabeauty.fi\/wp-content\/uploads\/2024\/07\/cog-langat-200x300.webp 200w, https:\/\/somabeauty.fi\/wp-content\/uploads\/2024\/07\/cog-langat-768x1152.webp 768w, https:\/\/somabeauty.fi\/wp-content\/uploads\/2024\/07\/cog-langat-600x900.webp 600w, https:\/\/somabeauty.fi\/wp-content\/uploads\/2024\/07\/cog-langat.webp 933w\" sizes=\"(max-width: 682px) 100vw, 682px\" \/>\t\t\t\t\t\t\t\t\t\t\t\t\t\t\t<\/div>\n\t\t\t\t<\/div>\n\t\t\t\t<div class=\"elementor-element elementor-element-863027d elementor-align-center elementor-widget elementor-widget-button\" data-id=\"863027d\" data-element_type=\"widget\" data-e-type=\"widget\" data-widget_type=\"button.default\">\n\t\t\t\t<div class=\"elementor-widget-container\">\n\t\t\t\t\t\t\t\t\t<div class=\"elementor-button-wrapper\">\n\t\t\t\t\t<a class=\"elementor-button elementor-button-link elementor-size-sm\" href=\"https:\/\/varaa.timma.fi\/somabeautyoy\">\n\t\t\t\t\t\t<span class=\"elementor-button-content-wrapper\">\n\t\t\t\t\t\t\t\t\t<span class=\"elementor-button-text\">Book in Turku (Timma)<\/span>\n\t\t\t\t\t<\/span>\n\t\t\t\t\t<\/a>\n\t\t\t\t<\/div>\n\t\t\t\t\t\t\t\t<\/div>\n\t\t\t\t<\/div>\n\t\t\t\t<div class=\"elementor-element elementor-element-882739c elementor-align-center elementor-widget elementor-widget-button\" data-id=\"882739c\" data-element_type=\"widget\" data-e-type=\"widget\" data-widget_type=\"button.default\">\n\t\t\t\t<div class=\"elementor-widget-container\">\n\t\t\t\t\t\t\t\t\t<div class=\"elementor-button-wrapper\">\n\t\t\t\t\t<a class=\"elementor-button elementor-button-link elementor-size-sm\" href=\"https:\/\/www.phorest.com\/salon\/somabeautyclinichki\">\n\t\t\t\t\t\t<span class=\"elementor-button-content-wrapper\">\n\t\t\t\t\t\t\t\t\t<span class=\"elementor-button-text\">Book in Helsinki (Phorest)<\/span>\n\t\t\t\t\t<\/span>\n\t\t\t\t\t<\/a>\n\t\t\t\t<\/div>\n\t\t\t\t\t\t\t\t<\/div>\n\t\t\t\t<\/div>\n\t\t\t\t<div class=\"elementor-element elementor-element-0d4d322 elementor-align-center elementor-widget elementor-widget-button\" data-id=\"0d4d322\" data-element_type=\"widget\" data-e-type=\"widget\" data-widget_type=\"button.default\">\n\t\t\t\t<div class=\"elementor-widget-container\">\n\t\t\t\t\t\t\t\t\t<div class=\"elementor-button-wrapper\">\n\t\t\t\t\t<a class=\"elementor-button elementor-button-link elementor-size-sm\" href=\"https:\/\/varaa.timma.fi\/somabeautyclinichelsinki\">\n\t\t\t\t\t\t<span class=\"elementor-button-content-wrapper\">\n\t\t\t\t\t\t\t\t\t<span class=\"elementor-button-text\">Book in Helsinki (Timma)<\/span>\n\t\t\t\t\t<\/span>\n\t\t\t\t\t<\/a>\n\t\t\t\t<\/div>\n\t\t\t\t\t\t\t\t<\/div>\n\t\t\t\t<\/div>\n\t\t\t\t<\/div>\n\t\t<div class=\"elementor-element elementor-element-c3f25b8 e-con-full e-flex e-con e-child\" data-id=\"c3f25b8\" data-element_type=\"container\" data-e-type=\"container\">\n\t\t\t\t<div class=\"elementor-element elementor-element-601acd9 elementor-widget elementor-widget-menu-anchor\" data-id=\"601acd9\" data-element_type=\"widget\" data-e-type=\"widget\" data-widget_type=\"menu-anchor.default\">\n\t\t\t\t<div class=\"elementor-widget-container\">\n\t\t\t\t\t\t\t<div class=\"elementor-menu-anchor\" id=\"mesolanka\"><\/div>\n\t\t\t\t\t\t<\/div>\n\t\t\t\t<\/div>\n\t\t\t\t<div class=\"elementor-element elementor-element-40303b3 elementor-widget elementor-widget-heading\" data-id=\"40303b3\" data-element_type=\"widget\" data-e-type=\"widget\" data-widget_type=\"heading.default\">\n\t\t\t\t<div class=\"elementor-widget-container\">\n\t\t\t\t\t<h2 class=\"elementor-heading-title elementor-size-default\">Meso thread treatment<\/h2>\t\t\t\t<\/div>\n\t\t\t\t<\/div>\n\t\t\t\t<div class=\"elementor-element elementor-element-d784d40 elementor-widget elementor-widget-text-editor\" data-id=\"d784d40\" data-element_type=\"widget\" data-e-type=\"widget\" data-widget_type=\"text-editor.default\">\n\t\t\t\t<div class=\"elementor-widget-container\">\n\t\t\t\t\t\t\t\t\t<p>As we age, the skin loses its elasticity and the amount of hyaluronic acid in the tissues decreases. The amount of subcutaneous fat decreases and the face begins to lose its youthfulness. The skin becomes flabby and the facial features droop.<\/p><p>The problem areas of the lower face are usually the corners of the mouth and cheeks and the chin area, and the eyelids in the upper face, these are the critical points where aging begins to appear. Because of these critical aging points, the center of gravity of the face changes to a square shape. Aesthetic treatments usually aim to restore the youthful v-shape of the face. The mesothread procedure can treat tissue laxity caused by aging. Mesothreads can effectively fade wrinkles and, with a light lift, restore the youthful shape of the face.<\/p><p>Mesothreads are made from polydioxanone (PDO), a substance familiar from medicine. The threads are meltable threads that are inserted under the skin in the required amount, usually a minimum of 10 threads per treatment.<\/p><p><b>The results of the Meso thread treatment are visible immediately.<\/b><\/p><p>The skin looks more elastic and the overall appearance is more refreshed, but the best treatment results are only visible after a few months. Meso thread treatment increases the skin's fibroblasts, fibroblasts stimulate collagen production, and collagen in turn firms the skin from the inside, which is why the results of the treatment can last up to two years. Meso thread treatment increases lymph and blood circulation, which reduces swelling and also brightens the skin. The results with Meso thread treatment can be amazing.<\/p><p>We use CE-approved mesothreads.<\/p><p><strong>Different yarns are used depending on the need:<\/strong><\/p><ul><li>Mono threads, i.e. straight threads for skin support and light lifting<\/li><li>Screw threads for light lifting<\/li><li>Cog thread for demanding lifting<\/li><\/ul><p><a href=\"https:\/\/somabeauty.fi\/wp-content\/uploads\/2025\/03\/Kotihoito-ohjeet-Mesolanka_Vakalanka-hoidon-jalkeen_uusi-logo.pdf\" target=\"_blank\" rel=\"noopener\">Home care instructions<\/a><\/p>\t\t\t\t\t\t\t\t<\/div>\n\t\t\t\t<\/div>\n\t\t\t\t<\/div>\n\t\t\t\t\t<\/div>\n\t\t\t\t<\/div>\n\t\t<div class=\"elementor-element elementor-element-06aa533 e-flex e-con-boxed e-con e-parent\" data-id=\"06aa533\" data-element_type=\"container\" data-e-type=\"container\">\n\t\t\t\t\t<div class=\"e-con-inner\">\n\t\t<div class=\"elementor-element elementor-element-a18d632 e-con-full e-flex e-con e-child\" data-id=\"a18d632\" data-element_type=\"container\" data-e-type=\"container\">\n\t\t\t\t<div class=\"elementor-element elementor-element-7134e32 elementor-widget elementor-widget-menu-anchor\" data-id=\"7134e32\" data-element_type=\"widget\" data-e-type=\"widget\" data-widget_type=\"menu-anchor.default\">\n\t\t\t\t<div class=\"elementor-widget-container\">\n\t\t\t\t\t\t\t<div class=\"elementor-menu-anchor\" id=\"cog-langat\"><\/div>\n\t\t\t\t\t\t<\/div>\n\t\t\t\t<\/div>\n\t\t\t\t<div class=\"elementor-element elementor-element-a5a5fe9 elementor-widget elementor-widget-heading\" data-id=\"a5a5fe9\" data-element_type=\"widget\" data-e-type=\"widget\" data-widget_type=\"heading.default\">\n\t\t\t\t<div class=\"elementor-widget-container\">\n\t\t\t\t\t<h2 class=\"elementor-heading-title elementor-size-default\">COG threads - knife-free facelift<\/h2>\t\t\t\t<\/div>\n\t\t\t\t<\/div>\n\t\t\t\t<div class=\"elementor-element elementor-element-973bb6a elementor-widget elementor-widget-text-editor\" data-id=\"973bb6a\" data-element_type=\"widget\" data-e-type=\"widget\" data-widget_type=\"text-editor.default\">\n\t\t\t\t<div class=\"elementor-widget-container\">\n\t\t\t\t\t\t\t\t\t<p>COG threads, or barbed threads, differ from other mesothreads in their structure; the small barbs contained in the threads adhere to the tissue, effectively lifting and supporting it. This allows them to achieve a so-called knife-free facelift. The threads typically dissolve within six months at the latest, but the collagen-stimulating effect they trigger continues for over a year.<\/p><p><strong>Who is COG threading suitable for?<\/strong><\/p><p>COG thread treatment is often used when the changes caused by aging have already begun to appear. Other mesothreads have a lighter benefit and can be used to prevent skin changes. COG threads, placed by a professional, can restore posture and beautiful shape to facial features that have been weakened by gravity.<\/p><p><a href=\"https:\/\/somabeauty.fi\/en\/hinnasto\/\">Price list<\/a>.<\/p><p><a href=\"https:\/\/somabeauty.fi\/wp-content\/uploads\/2025\/03\/Kotihoito-ohjeet-Mesolanka_Vakalanka-hoidon-jalkeen_uusi-logo.pdf\" target=\"_blank\" rel=\"noopener\">Home care instructions<\/a><\/p>\t\t\t\t\t\t\t\t<\/div>\n\t\t\t\t<\/div>\n\t\t\t\t<\/div>\n\t\t<div class=\"elementor-element elementor-element-b75038b e-con-full e-flex e-con e-child\" data-id=\"b75038b\" data-element_type=\"container\" data-e-type=\"container\">\n\t\t\t\t<div class=\"elementor-element elementor-element-f4c4049 elementor-widget elementor-widget-image\" data-id=\"f4c4049\" data-element_type=\"widget\" data-e-type=\"widget\" data-widget_type=\"image.default\">\n\t\t\t\t<div class=\"elementor-widget-container\">\n\t\t\t\t\t\t\t\t\t\t\t\t\t\t\t<img decoding=\"async\" width=\"1022\" height=\"1024\" src=\"https:\/\/somabeauty.fi\/wp-content\/uploads\/2024\/04\/kasvohieronta.jpg\" class=\"attachment-large size-large wp-image-746\" alt=\"\" \/>\t\t\t\t\t\t\t\t\t\t\t\t\t\t\t<\/div>\n\t\t\t\t<\/div>\n\t\t\t\t<div class=\"elementor-element elementor-element-e502091 elementor-align-center elementor-widget elementor-widget-button\" data-id=\"e502091\" data-element_type=\"widget\" data-e-type=\"widget\" data-widget_type=\"button.default\">\n\t\t\t\t<div class=\"elementor-widget-container\">\n\t\t\t\t\t\t\t\t\t<div class=\"elementor-button-wrapper\">\n\t\t\t\t\t<a class=\"elementor-button elementor-button-link elementor-size-sm\" href=\"https:\/\/varaa.timma.fi\/somabeautyoy\">\n\t\t\t\t\t\t<span class=\"elementor-button-content-wrapper\">\n\t\t\t\t\t\t\t\t\t<span class=\"elementor-button-text\">Book in Turku (Timma)<\/span>\n\t\t\t\t\t<\/span>\n\t\t\t\t\t<\/a>\n\t\t\t\t<\/div>\n\t\t\t\t\t\t\t\t<\/div>\n\t\t\t\t<\/div>\n\t\t\t\t<div class=\"elementor-element elementor-element-6f7a0f8 elementor-align-center elementor-widget elementor-widget-button\" data-id=\"6f7a0f8\" data-element_type=\"widget\" data-e-type=\"widget\" data-widget_type=\"button.default\">\n\t\t\t\t<div class=\"elementor-widget-container\">\n\t\t\t\t\t\t\t\t\t<div class=\"elementor-button-wrapper\">\n\t\t\t\t\t<a class=\"elementor-button elementor-button-link elementor-size-sm\" href=\"https:\/\/www.phorest.com\/salon\/somabeautyclinichki\">\n\t\t\t\t\t\t<span class=\"elementor-button-content-wrapper\">\n\t\t\t\t\t\t\t\t\t<span class=\"elementor-button-text\">Book in Helsinki (Phorest)<\/span>\n\t\t\t\t\t<\/span>\n\t\t\t\t\t<\/a>\n\t\t\t\t<\/div>\n\t\t\t\t\t\t\t\t<\/div>\n\t\t\t\t<\/div>\n\t\t\t\t<div class=\"elementor-element elementor-element-9d35961 elementor-align-center elementor-widget elementor-widget-button\" data-id=\"9d35961\" data-element_type=\"widget\" data-e-type=\"widget\" data-widget_type=\"button.default\">\n\t\t\t\t<div class=\"elementor-widget-container\">\n\t\t\t\t\t\t\t\t\t<div class=\"elementor-button-wrapper\">\n\t\t\t\t\t<a class=\"elementor-button elementor-button-link elementor-size-sm\" href=\"https:\/\/varaa.timma.fi\/somabeautyclinichelsinki\">\n\t\t\t\t\t\t<span class=\"elementor-button-content-wrapper\">\n\t\t\t\t\t\t\t\t\t<span class=\"elementor-button-text\">Book in Helsinki (Timma)<\/span>\n\t\t\t\t\t<\/span>\n\t\t\t\t\t<\/a>\n\t\t\t\t<\/div>\n\t\t\t\t\t\t\t\t<\/div>\n\t\t\t\t<\/div>\n\t\t\t\t<\/div>\n\t\t\t\t\t<\/div>\n\t\t\t\t<\/div>\n\t\t<div class=\"elementor-element elementor-element-a1ac4b5 e-flex e-con-boxed e-con e-parent\" data-id=\"a1ac4b5\" data-element_type=\"container\" data-e-type=\"container\">\n\t\t\t\t\t<div class=\"e-con-inner\">\n\t\t\t\t<div class=\"elementor-element elementor-element-d85bda3 elementor-widget elementor-widget-text-editor\" data-id=\"d85bda3\" data-element_type=\"widget\" data-e-type=\"widget\" data-widget_type=\"text-editor.default\">\n\t\t\t\t<div class=\"elementor-widget-container\">\n\t\t\t\t\t\t\t\t\t<div class=\"soma-product-descriptions-container additional-container\"><div class=\"soma-product-descriptions-container\"><p>Cancellation conditions: cancellation of the treatment appointment free of charge 24 hours before the treatment, otherwise a cancellation fee will be charged (50% of the treatment price).<\/p><\/div><div class=\"soma-product-descriptions-container\"><a href=\"https:\/\/somabeauty.fi\/wp-content\/uploads\/2025\/03\/Suostumuskaavake-hoitotoimenpiteen-suorittamiseen.pdf\">Consent form for performing a treatment procedure<\/a><\/div><\/div>\t\t\t\t\t\t\t\t<\/div>\n\t\t\t\t<\/div>\n\t\t\t\t\t<\/div>\n\t\t\t\t<\/div>\n\t\t\t\t<\/div>","protected":false},"excerpt":{"rendered":"<p>Varaa aika Turkuun (Timma) Varaa Helsinkiin (Phorest) Varaa Helsinkiin (Timma) Mesolanka -hoito Ik\u00e4\u00e4ntyess\u00e4 ihon kimmoisuus heikkenee ja hyaluronihapon m\u00e4\u00e4r\u00e4 kudoksissa [&hellip;]<\/p>\n","protected":false},"author":1,"featured_media":0,"parent":0,"menu_order":0,"comment_status":"closed","ping_status":"closed","template":"","meta":{"site-sidebar-layout":"no-sidebar","site-content-layout":"","ast-site-content-layout":"full-width-container","site-content-style":"default","site-sidebar-style":"default","ast-global-header-display":"","ast-banner-title-visibility":"","ast-main-header-display":"","ast-hfb-above-header-display":"","ast-hfb-below-header-display":"","ast-hfb-mobile-header-display":"","site-post-title":"disabled","ast-breadcrumbs-content":"","ast-featured-img":"disabled","footer-sml-layout":"","theme-transparent-header-meta":"","adv-header-id-meta":"","stick-header-meta":"","header-above-stick-meta":"","header-main-stick-meta":"","header-below-stick-meta":"","astra-migrate-meta-layouts":"default","ast-page-background-enabled":"default","ast-page-background-meta":{"desktop":{"background-color":"var(--ast-global-color-4)","background-image":"","background-repeat":"repeat","background-position":"center center","background-size":"auto","background-attachment":"scroll","background-type":"","background-media":"","overlay-type":"","overlay-color":"","overlay-opacity":"","overlay-gradient":""},"tablet":{"background-color":"","background-image":"","background-repeat":"repeat","background-position":"center center","background-size":"auto","background-attachment":"scroll","background-type":"","background-media":"","overlay-type":"","overlay-color":"","overlay-opacity":"","overlay-gradient":""},"mobile":{"background-color":"","background-image":"","background-repeat":"repeat","background-position":"center center","background-size":"auto","background-attachment":"scroll","background-type":"","background-media":"","overlay-type":"","overlay-color":"","overlay-opacity":"","overlay-gradient":""}},"ast-content-background-meta":{"desktop":{"background-color":"var(--ast-global-color-5)","background-image":"","background-repeat":"repeat","background-position":"center center","background-size":"auto","background-attachment":"scroll","background-type":"","background-media":"","overlay-type":"","overlay-color":"","overlay-opacity":"","overlay-gradient":""},"tablet":{"background-color":"var(--ast-global-color-5)","background-image":"","background-repeat":"repeat","background-position":"center center","background-size":"auto","background-attachment":"scroll","background-type":"","background-media":"","overlay-type":"","overlay-color":"","overlay-opacity":"","overlay-gradient":""},"mobile":{"background-color":"var(--ast-global-color-5)","background-image":"","background-repeat":"repeat","background-position":"center center","background-size":"auto","background-attachment":"scroll","background-type":"","background-media":"","overlay-type":"","overlay-color":"","overlay-opacity":"","overlay-gradient":""}},"footnotes":""},"class_list":["post-1630","page","type-page","status-publish","hentry"],"yoast_head":"<!-- This site is optimized with the Yoast SEO plugin v27.1.1 - https:\/\/yoast.com\/product\/yoast-seo-wordpress\/ -->\n<title>Soma Beauty Clinic | Mesolanka -hoito<\/title>\n<meta name=\"robots\" content=\"index, follow, max-snippet:-1, max-image-preview:large, max-video-preview:-1\" \/>\n<link rel=\"canonical\" href=\"https:\/\/somabeauty.fi\/en\/mesolanka-hoito\/\" \/>\n<meta property=\"og:locale\" content=\"en_GB\" \/>\n<meta property=\"og:type\" content=\"article\" \/>\n<meta property=\"og:title\" content=\"Soma Beauty Clinic | Mesolanka -hoito\" \/>\n<meta property=\"og:description\" content=\"Varaa aika Turkuun (Timma) Varaa Helsinkiin (Phorest) Varaa Helsinkiin (Timma) Mesolanka -hoito Ik\u00e4\u00e4ntyess\u00e4 ihon kimmoisuus heikkenee ja hyaluronihapon m\u00e4\u00e4r\u00e4 kudoksissa [&hellip;]\" \/>\n<meta property=\"og:url\" content=\"https:\/\/somabeauty.fi\/en\/mesolanka-hoito\/\" \/>\n<meta property=\"og:site_name\" content=\"Soma Beauty Clinic\" \/>\n<meta property=\"article:publisher\" content=\"https:\/\/www.facebook.com\/somabeauty.fi\/\" \/>\n<meta property=\"article:modified_time\" content=\"2026-03-10T08:20:54+00:00\" \/>\n<meta property=\"og:image\" content=\"https:\/\/somabeauty.fi\/wp-content\/uploads\/2024\/07\/cog-langat.webp\" \/>\n\t<meta property=\"og:image:width\" content=\"933\" \/>\n\t<meta property=\"og:image:height\" content=\"1400\" \/>\n\t<meta property=\"og:image:type\" content=\"image\/webp\" \/>\n<meta name=\"twitter:card\" content=\"summary_large_image\" \/>\n<meta name=\"twitter:label1\" content=\"Estimated reading time\" \/>\n\t<meta name=\"twitter:data1\" content=\"2 minutes\" \/>\n<script type=\"application\/ld+json\" class=\"yoast-schema-graph\">{\"@context\":\"https:\/\/schema.org\",\"@graph\":[{\"@type\":\"WebPage\",\"@id\":\"https:\/\/somabeauty.fi\/mesolanka-hoito\/\",\"url\":\"https:\/\/somabeauty.fi\/mesolanka-hoito\/\",\"name\":\"Soma Beauty Clinic | Mesolanka -hoito\",\"isPartOf\":{\"@id\":\"https:\/\/somabeauty.fi\/#website\"},\"primaryImageOfPage\":{\"@id\":\"https:\/\/somabeauty.fi\/mesolanka-hoito\/#primaryimage\"},\"image\":{\"@id\":\"https:\/\/somabeauty.fi\/mesolanka-hoito\/#primaryimage\"},\"thumbnailUrl\":\"https:\/\/somabeauty.fi\/wp-content\/uploads\/2024\/07\/cog-langat-682x1024.webp\",\"datePublished\":\"2026-03-05T18:57:42+00:00\",\"dateModified\":\"2026-03-10T08:20:54+00:00\",\"breadcrumb\":{\"@id\":\"https:\/\/somabeauty.fi\/mesolanka-hoito\/#breadcrumb\"},\"inLanguage\":\"en-GB\",\"potentialAction\":[{\"@type\":\"ReadAction\",\"target\":[\"https:\/\/somabeauty.fi\/mesolanka-hoito\/\"]}]},{\"@type\":\"ImageObject\",\"inLanguage\":\"en-GB\",\"@id\":\"https:\/\/somabeauty.fi\/mesolanka-hoito\/#primaryimage\",\"url\":\"https:\/\/somabeauty.fi\/wp-content\/uploads\/2024\/07\/cog-langat-682x1024.webp\",\"contentUrl\":\"https:\/\/somabeauty.fi\/wp-content\/uploads\/2024\/07\/cog-langat-682x1024.webp\"},{\"@type\":\"BreadcrumbList\",\"@id\":\"https:\/\/somabeauty.fi\/mesolanka-hoito\/#breadcrumb\",\"itemListElement\":[{\"@type\":\"ListItem\",\"position\":1,\"name\":\"Home\",\"item\":\"https:\/\/somabeauty.fi\/\"},{\"@type\":\"ListItem\",\"position\":2,\"name\":\"Mesolanka -hoito\"}]},{\"@type\":\"WebSite\",\"@id\":\"https:\/\/somabeauty.fi\/#website\",\"url\":\"https:\/\/somabeauty.fi\/\",\"name\":\"Soma Beauty Clinic\",\"description\":\"\",\"publisher\":{\"@id\":\"https:\/\/somabeauty.fi\/#organization\"},\"potentialAction\":[{\"@type\":\"SearchAction\",\"target\":{\"@type\":\"EntryPoint\",\"urlTemplate\":\"https:\/\/somabeauty.fi\/?s={search_term_string}\"},\"query-input\":{\"@type\":\"PropertyValueSpecification\",\"valueRequired\":true,\"valueName\":\"search_term_string\"}}],\"inLanguage\":\"en-GB\"},{\"@type\":\"Organization\",\"@id\":\"https:\/\/somabeauty.fi\/#organization\",\"name\":\"Soma Beauty Clinic\",\"url\":\"https:\/\/somabeauty.fi\/\",\"logo\":{\"@type\":\"ImageObject\",\"inLanguage\":\"en-GB\",\"@id\":\"https:\/\/somabeauty.fi\/#\/schema\/logo\/image\/\",\"url\":\"https:\/\/somabeauty.fi\/wp-content\/uploads\/2024\/08\/logo.webp\",\"contentUrl\":\"https:\/\/somabeauty.fi\/wp-content\/uploads\/2024\/08\/logo.webp\",\"width\":800,\"height\":624,\"caption\":\"Soma Beauty Clinic\"},\"image\":{\"@id\":\"https:\/\/somabeauty.fi\/#\/schema\/logo\/image\/\"},\"sameAs\":[\"https:\/\/www.facebook.com\/somabeauty.fi\/\",\"https:\/\/www.instagram.com\/somabeautyclinic\"]}]}<\/script>\n<!-- \/ Yoast SEO plugin. -->","yoast_head_json":{"title":"Soma Beauty Clinic | Mesolanka -hoito","robots":{"index":"index","follow":"follow","max-snippet":"max-snippet:-1","max-image-preview":"max-image-preview:large","max-video-preview":"max-video-preview:-1"},"canonical":"https:\/\/somabeauty.fi\/en\/mesolanka-hoito\/","og_locale":"en_GB","og_type":"article","og_title":"Soma Beauty Clinic | Mesolanka -hoito","og_description":"Varaa aika Turkuun (Timma) Varaa Helsinkiin (Phorest) Varaa Helsinkiin (Timma) Mesolanka -hoito Ik\u00e4\u00e4ntyess\u00e4 ihon kimmoisuus heikkenee ja hyaluronihapon m\u00e4\u00e4r\u00e4 kudoksissa [&hellip;]","og_url":"https:\/\/somabeauty.fi\/en\/mesolanka-hoito\/","og_site_name":"Soma Beauty Clinic","article_publisher":"https:\/\/www.facebook.com\/somabeauty.fi\/","article_modified_time":"2026-03-10T08:20:54+00:00","og_image":[{"width":933,"height":1400,"url":"https:\/\/somabeauty.fi\/wp-content\/uploads\/2024\/07\/cog-langat.webp","type":"image\/webp"}],"twitter_card":"summary_large_image","twitter_misc":{"Estimated reading time":"2 minutes"},"schema":{"@context":"https:\/\/schema.org","@graph":[{"@type":"WebPage","@id":"https:\/\/somabeauty.fi\/mesolanka-hoito\/","url":"https:\/\/somabeauty.fi\/mesolanka-hoito\/","name":"Soma Beauty Clinic | Mesolanka -hoito","isPartOf":{"@id":"https:\/\/somabeauty.fi\/#website"},"primaryImageOfPage":{"@id":"https:\/\/somabeauty.fi\/mesolanka-hoito\/#primaryimage"},"image":{"@id":"https:\/\/somabeauty.fi\/mesolanka-hoito\/#primaryimage"},"thumbnailUrl":"https:\/\/somabeauty.fi\/wp-content\/uploads\/2024\/07\/cog-langat-682x1024.webp","datePublished":"2026-03-05T18:57:42+00:00","dateModified":"2026-03-10T08:20:54+00:00","breadcrumb":{"@id":"https:\/\/somabeauty.fi\/mesolanka-hoito\/#breadcrumb"},"inLanguage":"en-GB","potentialAction":[{"@type":"ReadAction","target":["https:\/\/somabeauty.fi\/mesolanka-hoito\/"]}]},{"@type":"ImageObject","inLanguage":"en-GB","@id":"https:\/\/somabeauty.fi\/mesolanka-hoito\/#primaryimage","url":"https:\/\/somabeauty.fi\/wp-content\/uploads\/2024\/07\/cog-langat-682x1024.webp","contentUrl":"https:\/\/somabeauty.fi\/wp-content\/uploads\/2024\/07\/cog-langat-682x1024.webp"},{"@type":"BreadcrumbList","@id":"https:\/\/somabeauty.fi\/mesolanka-hoito\/#breadcrumb","itemListElement":[{"@type":"ListItem","position":1,"name":"Home","item":"https:\/\/somabeauty.fi\/"},{"@type":"ListItem","position":2,"name":"Mesolanka -hoito"}]},{"@type":"WebSite","@id":"https:\/\/somabeauty.fi\/#website","url":"https:\/\/somabeauty.fi\/","name":"Soma Beauty Clinic","description":"","publisher":{"@id":"https:\/\/somabeauty.fi\/#organization"},"potentialAction":[{"@type":"SearchAction","target":{"@type":"EntryPoint","urlTemplate":"https:\/\/somabeauty.fi\/?s={search_term_string}"},"query-input":{"@type":"PropertyValueSpecification","valueRequired":true,"valueName":"search_term_string"}}],"inLanguage":"en-GB"},{"@type":"Organization","@id":"https:\/\/somabeauty.fi\/#organization","name":"Soma Beauty Clinic","url":"https:\/\/somabeauty.fi\/","logo":{"@type":"ImageObject","inLanguage":"en-GB","@id":"https:\/\/somabeauty.fi\/#\/schema\/logo\/image\/","url":"https:\/\/somabeauty.fi\/wp-content\/uploads\/2024\/08\/logo.webp","contentUrl":"https:\/\/somabeauty.fi\/wp-content\/uploads\/2024\/08\/logo.webp","width":800,"height":624,"caption":"Soma Beauty Clinic"},"image":{"@id":"https:\/\/somabeauty.fi\/#\/schema\/logo\/image\/"},"sameAs":["https:\/\/www.facebook.com\/somabeauty.fi\/","https:\/\/www.instagram.com\/somabeautyclinic"]}]}},"_links":{"self":[{"href":"https:\/\/somabeauty.fi\/en\/wp-json\/wp\/v2\/pages\/1630","targetHints":{"allow":["GET"]}}],"collection":[{"href":"https:\/\/somabeauty.fi\/en\/wp-json\/wp\/v2\/pages"}],"about":[{"href":"https:\/\/somabeauty.fi\/en\/wp-json\/wp\/v2\/types\/page"}],"author":[{"embeddable":true,"href":"https:\/\/somabeauty.fi\/en\/wp-json\/wp\/v2\/users\/1"}],"replies":[{"embeddable":true,"href":"https:\/\/somabeauty.fi\/en\/wp-json\/wp\/v2\/comments?post=1630"}],"version-history":[{"count":4,"href":"https:\/\/somabeauty.fi\/en\/wp-json\/wp\/v2\/pages\/1630\/revisions"}],"predecessor-version":[{"id":1775,"href":"https:\/\/somabeauty.fi\/en\/wp-json\/wp\/v2\/pages\/1630\/revisions\/1775"}],"wp:attachment":[{"href":"https:\/\/somabeauty.fi\/en\/wp-json\/wp\/v2\/media?parent=1630"}],"curies":[{"name":"wp","href":"https:\/\/api.w.org\/{rel}","templated":true}]}}