{"id":1628,"date":"2026-03-05T20:57:25","date_gmt":"2026-03-05T18:57:25","guid":{"rendered":"https:\/\/somabeauty.fi\/?page_id=1628"},"modified":"2026-03-10T10:54:31","modified_gmt":"2026-03-10T08:54:31","slug":"hifu-hoidot","status":"publish","type":"page","link":"https:\/\/somabeauty.fi\/en\/hifu-hoidot\/","title":{"rendered":"HIFU treatments"},"content":{"rendered":"<div data-elementor-type=\"wp-page\" data-elementor-id=\"1628\" class=\"elementor elementor-1628\" data-elementor-post-type=\"page\">\n\t\t\t\t<div class=\"elementor-element elementor-element-49d64ae e-flex e-con-boxed e-con e-parent\" data-id=\"49d64ae\" data-element_type=\"container\" data-e-type=\"container\">\n\t\t\t\t\t<div class=\"e-con-inner\">\n\t\t<div class=\"elementor-element elementor-element-d5c28a0 e-con-full e-flex e-con e-child\" data-id=\"d5c28a0\" data-element_type=\"container\" data-e-type=\"container\">\n\t\t\t\t<div class=\"elementor-element elementor-element-216c25c elementor-widget elementor-widget-image\" data-id=\"216c25c\" data-element_type=\"widget\" data-e-type=\"widget\" data-widget_type=\"image.default\">\n\t\t\t\t<div class=\"elementor-widget-container\">\n\t\t\t\t\t\t\t\t\t\t\t\t\t\t\t<img fetchpriority=\"high\" decoding=\"async\" width=\"612\" height=\"408\" src=\"https:\/\/somabeauty.fi\/wp-content\/uploads\/2024\/07\/hifu-1.webp\" class=\"attachment-large size-large wp-image-900\" alt=\"\" srcset=\"https:\/\/somabeauty.fi\/wp-content\/uploads\/2024\/07\/hifu-1.webp 612w, https:\/\/somabeauty.fi\/wp-content\/uploads\/2024\/07\/hifu-1-300x200.webp 300w, https:\/\/somabeauty.fi\/wp-content\/uploads\/2024\/07\/hifu-1-600x400.webp 600w\" sizes=\"(max-width: 612px) 100vw, 612px\" \/>\t\t\t\t\t\t\t\t\t\t\t\t\t\t\t<\/div>\n\t\t\t\t<\/div>\n\t\t\t\t<div class=\"elementor-element elementor-element-efec533 elementor-align-center elementor-widget elementor-widget-button\" data-id=\"efec533\" data-element_type=\"widget\" data-e-type=\"widget\" data-widget_type=\"button.default\">\n\t\t\t\t<div class=\"elementor-widget-container\">\n\t\t\t\t\t\t\t\t\t<div class=\"elementor-button-wrapper\">\n\t\t\t\t\t<a class=\"elementor-button elementor-button-link elementor-size-sm\" href=\"https:\/\/varaa.timma.fi\/somabeautyoy\">\n\t\t\t\t\t\t<span class=\"elementor-button-content-wrapper\">\n\t\t\t\t\t\t\t\t\t<span class=\"elementor-button-text\">Book in Turku (Timma)<\/span>\n\t\t\t\t\t<\/span>\n\t\t\t\t\t<\/a>\n\t\t\t\t<\/div>\n\t\t\t\t\t\t\t\t<\/div>\n\t\t\t\t<\/div>\n\t\t\t\t<div class=\"elementor-element elementor-element-93c3f47 elementor-align-center elementor-widget elementor-widget-button\" data-id=\"93c3f47\" data-element_type=\"widget\" data-e-type=\"widget\" data-widget_type=\"button.default\">\n\t\t\t\t<div class=\"elementor-widget-container\">\n\t\t\t\t\t\t\t\t\t<div class=\"elementor-button-wrapper\">\n\t\t\t\t\t<a class=\"elementor-button elementor-button-link elementor-size-sm\" href=\"https:\/\/www.phorest.com\/salon\/somabeautyclinichki\">\n\t\t\t\t\t\t<span class=\"elementor-button-content-wrapper\">\n\t\t\t\t\t\t\t\t\t<span class=\"elementor-button-text\">Book in Helsinki (Phorest)<\/span>\n\t\t\t\t\t<\/span>\n\t\t\t\t\t<\/a>\n\t\t\t\t<\/div>\n\t\t\t\t\t\t\t\t<\/div>\n\t\t\t\t<\/div>\n\t\t\t\t<div class=\"elementor-element elementor-element-1689b90 elementor-align-center elementor-widget elementor-widget-button\" data-id=\"1689b90\" data-element_type=\"widget\" data-e-type=\"widget\" data-widget_type=\"button.default\">\n\t\t\t\t<div class=\"elementor-widget-container\">\n\t\t\t\t\t\t\t\t\t<div class=\"elementor-button-wrapper\">\n\t\t\t\t\t<a class=\"elementor-button elementor-button-link elementor-size-sm\" href=\"https:\/\/varaa.timma.fi\/somabeautyclinichelsinki\">\n\t\t\t\t\t\t<span class=\"elementor-button-content-wrapper\">\n\t\t\t\t\t\t\t\t\t<span class=\"elementor-button-text\">Book in Helsinki (Timma)<\/span>\n\t\t\t\t\t<\/span>\n\t\t\t\t\t<\/a>\n\t\t\t\t<\/div>\n\t\t\t\t\t\t\t\t<\/div>\n\t\t\t\t<\/div>\n\t\t\t\t<\/div>\n\t\t<div class=\"elementor-element elementor-element-4535587 e-con-full e-flex e-con e-child\" data-id=\"4535587\" data-element_type=\"container\" data-e-type=\"container\">\n\t\t\t\t<div class=\"elementor-element elementor-element-60b0245 elementor-widget elementor-widget-menu-anchor\" data-id=\"60b0245\" data-element_type=\"widget\" data-e-type=\"widget\" data-widget_type=\"menu-anchor.default\">\n\t\t\t\t<div class=\"elementor-widget-container\">\n\t\t\t\t\t\t\t<div class=\"elementor-menu-anchor\" id=\"hifu-hoidot\"><\/div>\n\t\t\t\t\t\t<\/div>\n\t\t\t\t<\/div>\n\t\t\t\t<div class=\"elementor-element elementor-element-6cbd53c elementor-widget elementor-widget-heading\" data-id=\"6cbd53c\" data-element_type=\"widget\" data-e-type=\"widget\" data-widget_type=\"heading.default\">\n\t\t\t\t<div class=\"elementor-widget-container\">\n\t\t\t\t\t<h2 class=\"elementor-heading-title elementor-size-default\">HIFU treatments<\/h2>\t\t\t\t<\/div>\n\t\t\t\t<\/div>\n\t\t\t\t<div class=\"elementor-element elementor-element-ff1e3a5 elementor-widget elementor-widget-text-editor\" data-id=\"ff1e3a5\" data-element_type=\"widget\" data-e-type=\"widget\" data-widget_type=\"text-editor.default\">\n\t\t\t\t<div class=\"elementor-widget-container\">\n\t\t\t\t\t\t\t\t\t<p>HIFU (High-intensity focused ultrasound) facelift is a new treatment method for face lifting without surgery. HIFU technology is based on focused, highly effective ultrasound energy, the impulse of which is precisely and effectively directed to the tissue. HIFU treatment accelerates the skin's collagen production and thus firms the facial muscles naturally and is a very good alternative for those who are not ready for surgical intervention.<\/p><p>HIFU treatment is best suited for lifting sagging cheeks and jowls, lifting the forehead and eyebrows, and treating loose skin on the neck and a wrinkled and sagging d\u00e9collet\u00e9. The treatment is best suited for people over 30 years of age.<\/p><p><a href=\"https:\/\/somabeauty.fi\/wp-content\/uploads\/2025\/03\/Kotihoito-ohjeet-HIFU-hoidon-jalkeen_uusi-logo.pdf\" target=\"_blank\" rel=\"noopener\">Home care instructions<\/a><\/p><p><a href=\"https:\/\/somabeauty.fi\/wp-content\/uploads\/2025\/03\/SUOSTUMUSLOMAKE-HIFU.pdf\" target=\"_blank\" rel=\"noopener\">Consent form<\/a><\/p>\t\t\t\t\t\t\t\t<\/div>\n\t\t\t\t<\/div>\n\t\t\t\t<div class=\"elementor-element elementor-element-8e038a0 read-more-button elementor-widget elementor-widget-button\" data-id=\"8e038a0\" data-element_type=\"widget\" data-e-type=\"widget\" data-widget_type=\"button.default\">\n\t\t\t\t<div class=\"elementor-widget-container\">\n\t\t\t\t\t\t\t\t\t<div class=\"elementor-button-wrapper\">\n\t\t\t\t\t<a class=\"elementor-button elementor-size-sm\" role=\"button\" id=\"showMoreHifu\">\n\t\t\t\t\t\t<span class=\"elementor-button-content-wrapper\">\n\t\t\t\t\t\t\t\t\t<span class=\"elementor-button-text\">Read more<\/span>\n\t\t\t\t\t<\/span>\n\t\t\t\t\t<\/a>\n\t\t\t\t<\/div>\n\t\t\t\t\t\t\t\t<\/div>\n\t\t\t\t<\/div>\n\t\t\t\t<div class=\"elementor-element elementor-element-91a3f3c elementor-widget elementor-widget-html\" data-id=\"91a3f3c\" data-element_type=\"widget\" data-e-type=\"widget\" data-widget_type=\"html.default\">\n\t\t\t\t<div class=\"elementor-widget-container\">\n\t\t\t\t\t<style>\r\n.read-more-hifu {\r\n    display: none;\r\n}\r\n\r\n.read-more-hifu.active {\r\n    display: block;\r\n}\r\n<\/style>\r\n\r\n<script>\r\ndocument.getElementById(\"showMoreHifu\").addEventListener(\"click\", function() {\r\n    document.querySelector(\".read-more-hifu\").classList.add(\"active\");\r\n});\r\n<\/script>\t\t\t\t<\/div>\n\t\t\t\t<\/div>\n\t\t\t\t<\/div>\n\t\t\t\t\t<\/div>\n\t\t\t\t<\/div>\n\t\t<div class=\"elementor-element elementor-element-409bdcf e-flex e-con-boxed e-con e-parent\" data-id=\"409bdcf\" data-element_type=\"container\" data-e-type=\"container\">\n\t\t\t\t\t<div class=\"e-con-inner\">\n\t\t\t\t<div class=\"elementor-element elementor-element-32a9947 read-more-hifu elementor-widget elementor-widget-text-editor\" data-id=\"32a9947\" data-element_type=\"widget\" data-e-type=\"widget\" data-widget_type=\"text-editor.default\">\n\t\t\t\t<div class=\"elementor-widget-container\">\n\t\t\t\t\t\t\t\t\t<p><strong>Miten HIFU -hoito toimii?<\/strong><\/p><p>HIFU -ultra\u00e4\u00e4nienergia kohdistetaan t\u00e4sm\u00e4llisesti kudoksen haluttuun SMAS -syvyyteen (Superficial muscular aponeurotic system) \u2013 esim. 1,5 mm, 3 mm, 4,5 mm. Kudoksessa ultra\u00e4\u00e4ni kiihdytt\u00e4\u00e4 ihon kollageenin uudistumista, mik\u00e4 kiinteytt\u00e4\u00e4 ihoa luonnollisella tavalla. Ultra\u00e4\u00e4nienergia vaikuttaa kasvoilla jopa 4,5 mm syvyyteen, minne normaalisti yllet\u00e4\u00e4n ainoastaan kirurgin veitsell\u00e4.<\/p><p>Hoidon kesto on hoitoalueista riippuen 30-90 min. Voit ottaa HIFU -hoidon ainoastaan otsalle (otsan-kulmakarvojen kohotus) tai koko kasvojen ja kaulan alueelle. Hoidon vaikutukset n\u00e4kyv\u00e4t heti hoidon j\u00e4lkeen, mutta lopulliset tulokset n\u00e4kyv\u00e4t vasta 2-3 kuukauden p\u00e4\u00e4st\u00e4. Usein asiakkaille riitt\u00e4\u00e4 vain yksi hoitokerta, mutta ihon kunnosta riippuen, hoito voidaan uusia kolmen kuukauden kuluttua ensimm\u00e4isest\u00e4 hoidosta.<\/p><p>HIFU -hoidon vaikutus h\u00e4vi\u00e4\u00e4 pikkuhiljaa ik\u00e4\u00e4ntymisen my\u00f6t\u00e4. Mahdollisten uusintahoitojen aikav\u00e4li m\u00e4\u00e4r\u00e4ytyy pitk\u00e4lti yksil\u00f6llisesti ja asiakkaan tavoitteiden mukaisesti, usein teemme HIFU -uusintahoidon tavallisesti noin vuoden p\u00e4\u00e4st\u00e4.<br \/>HIFU -hoitoa voi tehd\u00e4 samalle alueelle 1-2 kertaa vuodessa. Asiakkaan tulee ehdottomasti ilmoittaa, mik\u00e4li h\u00e4n on k\u00e4ynyt aiemmin HIFU -hoidossa.<\/p><p>HIFU -hoito voidaan yhdist\u00e4\u00e4 useisiin muihin hoitoihin (esim. mikroneulaukseen) ja samalla tehostaa hoitotuloksia.<\/p><p><strong>Sattuuko HIFU -hoito?<\/strong><\/p><p>Hoito tuntuu pienen\u00e4 pistelyn\u00e4. Jos olet kipuherkk\u00e4, voit ottaa halutessasi ennen hoitoa kipul\u00e4\u00e4kkeen. Kaikki asiakkaamme ovat kest\u00e4neet hyvin HIFU -hoidon.<\/p><p><strong>HIFU -hoidon j\u00e4lkeen<\/strong><\/p><p>Kasvot voivat tuntua herkilt\u00e4 pari viikkoa HIFU -hoidon j\u00e4lkeen. Hoidosta voi joskus tulla tulla pieni\u00e4 mustelmia herkille alueille, mutta mahdolliset mustelmat h\u00e4vi\u00e4v\u00e4t normaalisti muutaman p\u00e4iv\u00e4n p\u00e4\u00e4st\u00e4. Hoidon j\u00e4lkeen ei suositella hikiliikuntaa, saunaa, hikoilemista yleisesti eik\u00e4 my\u00f6sk\u00e4\u00e4n auringonottoa.<\/p><p><strong>HIFU -kontraindikaatiot:<\/strong><\/p><ul><li>Syd\u00e4n ja verisuonitaudit, tahdistin ja verenpainesairaus<\/li><li>Aineenvaihduntaelinten sairaus (esim. maksa ja munuaiset)<\/li><li>Tulehdukset suussa sek\u00e4 hampaissa<\/li><li>Tarttuvat taudit<\/li><li>Metallit\u00e4ytteit\u00e4 ihon alla sek\u00e4 korut<\/li><li>V\u00e4hint\u00e4\u00e4n vuosi kirurgisesta toimenpiteest\u00e4<\/li><li>T\u00e4yteaineita hoitoalueella (Botoxin j\u00e4lkeen v\u00e4hint\u00e4\u00e4n 2 viikkoa; jos olet ottanut t\u00e4yteaineita, HIFU -hoitoa ei suositella \u2013 oikea j\u00e4rjestys on ensiksi HIFU ja vasta sen j\u00e4lkeen mahdolliset t\u00e4yteaineet!)<\/li><li>Auringon polttama iho<\/li><li>Raskaus ja imeytys<\/li><\/ul><p>\u00c4l\u00e4 k\u00e4yt\u00e4 kolmen p\u00e4iv\u00e4n sis\u00e4ll\u00e4 ennen k\u00e4sittely\u00e4 isotretinia, glygoli- tai salisylihappoa, mitk\u00e4 \u00e4rsytt\u00e4v\u00e4t ihoa.<br \/>K\u00e4yt\u00e4mme Soma Beauty Clinicilla markkinoiden tehokkainta, nopeaa ja turvallista 7D -HIFUa.<\/p><p><strong>Hoitoalueet:<\/strong><\/p><ul><li>Kasvot<\/li><li>Kaula<\/li><li>Dekoltee<\/li><li>Vartalo<\/li><li>Vagina<\/li><\/ul>\t\t\t\t\t\t\t\t<\/div>\n\t\t\t\t<\/div>\n\t\t\t\t\t<\/div>\n\t\t\t\t<\/div>\n\t\t<div class=\"elementor-element elementor-element-c54e96c e-flex e-con-boxed e-con e-parent\" data-id=\"c54e96c\" data-element_type=\"container\" data-e-type=\"container\">\n\t\t\t\t\t<div class=\"e-con-inner\">\n\t\t\t\t<div class=\"elementor-element elementor-element-a849890 elementor-widget elementor-widget-text-editor\" data-id=\"a849890\" data-element_type=\"widget\" data-e-type=\"widget\" data-widget_type=\"text-editor.default\">\n\t\t\t\t<div class=\"elementor-widget-container\">\n\t\t\t\t\t\t\t\t\t<div class=\"soma-product-descriptions-container additional-container\"><div class=\"soma-product-descriptions-container additional-container\"><p><strong>How much does HIFU treatment cost?<\/strong><br \/>HIFU treatments starting at 280 euros. See more detailed prices\u00a0<a href=\"https:\/\/somabeauty.fi\/en\/hinnasto\/\">hinnastosta<\/a>!<\/p><\/div><div class=\"soma-product-descriptions-container\"><p>Cancellation conditions: cancellation of the treatment appointment free of charge 24 hours before the treatment, otherwise a cancellation fee will be charged (50% of the treatment price).<\/p><\/div><div class=\"soma-product-descriptions-container\"><a href=\"https:\/\/somabeauty.fi\/wp-content\/uploads\/2025\/03\/Suostumuskaavake-hoitotoimenpiteen-suorittamiseen.pdf\">Consent form for performing a treatment procedure<\/a><\/div><\/div>\t\t\t\t\t\t\t\t<\/div>\n\t\t\t\t<\/div>\n\t\t\t\t\t<\/div>\n\t\t\t\t<\/div>\n\t\t\t\t<\/div>","protected":false},"excerpt":{"rendered":"<p>Varaa aika Turkuun (Timma) Varaa Helsinkiin (Phorest) Varaa Helsinkiin (Timma) HIFU -hoidot HIFU -kasvojenkohotus (High-intensity focused ultrasound) on uusi hoitomenetelm\u00e4 [&hellip;]<\/p>\n","protected":false},"author":1,"featured_media":0,"parent":0,"menu_order":0,"comment_status":"closed","ping_status":"closed","template":"","meta":{"site-sidebar-layout":"no-sidebar","site-content-layout":"","ast-site-content-layout":"full-width-container","site-content-style":"default","site-sidebar-style":"default","ast-global-header-display":"","ast-banner-title-visibility":"","ast-main-header-display":"","ast-hfb-above-header-display":"","ast-hfb-below-header-display":"","ast-hfb-mobile-header-display":"","site-post-title":"disabled","ast-breadcrumbs-content":"","ast-featured-img":"disabled","footer-sml-layout":"","theme-transparent-header-meta":"","adv-header-id-meta":"","stick-header-meta":"","header-above-stick-meta":"","header-main-stick-meta":"","header-below-stick-meta":"","astra-migrate-meta-layouts":"default","ast-page-background-enabled":"default","ast-page-background-meta":{"desktop":{"background-color":"var(--ast-global-color-4)","background-image":"","background-repeat":"repeat","background-position":"center center","background-size":"auto","background-attachment":"scroll","background-type":"","background-media":"","overlay-type":"","overlay-color":"","overlay-opacity":"","overlay-gradient":""},"tablet":{"background-color":"","background-image":"","background-repeat":"repeat","background-position":"center center","background-size":"auto","background-attachment":"scroll","background-type":"","background-media":"","overlay-type":"","overlay-color":"","overlay-opacity":"","overlay-gradient":""},"mobile":{"background-color":"","background-image":"","background-repeat":"repeat","background-position":"center center","background-size":"auto","background-attachment":"scroll","background-type":"","background-media":"","overlay-type":"","overlay-color":"","overlay-opacity":"","overlay-gradient":""}},"ast-content-background-meta":{"desktop":{"background-color":"var(--ast-global-color-5)","background-image":"","background-repeat":"repeat","background-position":"center center","background-size":"auto","background-attachment":"scroll","background-type":"","background-media":"","overlay-type":"","overlay-color":"","overlay-opacity":"","overlay-gradient":""},"tablet":{"background-color":"var(--ast-global-color-5)","background-image":"","background-repeat":"repeat","background-position":"center center","background-size":"auto","background-attachment":"scroll","background-type":"","background-media":"","overlay-type":"","overlay-color":"","overlay-opacity":"","overlay-gradient":""},"mobile":{"background-color":"var(--ast-global-color-5)","background-image":"","background-repeat":"repeat","background-position":"center center","background-size":"auto","background-attachment":"scroll","background-type":"","background-media":"","overlay-type":"","overlay-color":"","overlay-opacity":"","overlay-gradient":""}},"footnotes":""},"class_list":["post-1628","page","type-page","status-publish","hentry"],"yoast_head":"<!-- This site is optimized with the Yoast SEO plugin v27.1.1 - https:\/\/yoast.com\/product\/yoast-seo-wordpress\/ -->\n<title>Soma Beauty Clinic | HIFU -hoidot<\/title>\n<meta name=\"robots\" content=\"index, follow, max-snippet:-1, max-image-preview:large, max-video-preview:-1\" \/>\n<link rel=\"canonical\" href=\"https:\/\/somabeauty.fi\/en\/hifu-hoidot\/\" \/>\n<meta property=\"og:locale\" content=\"en_GB\" \/>\n<meta property=\"og:type\" content=\"article\" \/>\n<meta property=\"og:title\" content=\"Soma Beauty Clinic | HIFU -hoidot\" \/>\n<meta property=\"og:description\" content=\"Varaa aika Turkuun (Timma) Varaa Helsinkiin (Phorest) Varaa Helsinkiin (Timma) HIFU -hoidot HIFU -kasvojenkohotus (High-intensity focused ultrasound) on uusi hoitomenetelm\u00e4 [&hellip;]\" \/>\n<meta property=\"og:url\" content=\"https:\/\/somabeauty.fi\/en\/hifu-hoidot\/\" \/>\n<meta property=\"og:site_name\" content=\"Soma Beauty Clinic\" \/>\n<meta property=\"article:publisher\" content=\"https:\/\/www.facebook.com\/somabeauty.fi\/\" \/>\n<meta property=\"article:modified_time\" content=\"2026-03-10T08:54:31+00:00\" \/>\n<meta property=\"og:image\" content=\"https:\/\/somabeauty.fi\/wp-content\/uploads\/2024\/07\/hifu-1.webp\" \/>\n\t<meta property=\"og:image:width\" content=\"612\" \/>\n\t<meta property=\"og:image:height\" content=\"408\" \/>\n\t<meta property=\"og:image:type\" content=\"image\/webp\" \/>\n<meta name=\"twitter:card\" content=\"summary_large_image\" \/>\n<meta name=\"twitter:label1\" content=\"Estimated reading time\" \/>\n\t<meta name=\"twitter:data1\" content=\"3 minutes\" \/>\n<script type=\"application\/ld+json\" class=\"yoast-schema-graph\">{\"@context\":\"https:\/\/schema.org\",\"@graph\":[{\"@type\":\"WebPage\",\"@id\":\"https:\/\/somabeauty.fi\/hifu-hoidot\/\",\"url\":\"https:\/\/somabeauty.fi\/hifu-hoidot\/\",\"name\":\"Soma Beauty Clinic | HIFU -hoidot\",\"isPartOf\":{\"@id\":\"https:\/\/somabeauty.fi\/#website\"},\"primaryImageOfPage\":{\"@id\":\"https:\/\/somabeauty.fi\/hifu-hoidot\/#primaryimage\"},\"image\":{\"@id\":\"https:\/\/somabeauty.fi\/hifu-hoidot\/#primaryimage\"},\"thumbnailUrl\":\"https:\/\/somabeauty.fi\/wp-content\/uploads\/2024\/07\/hifu-1.webp\",\"datePublished\":\"2026-03-05T18:57:25+00:00\",\"dateModified\":\"2026-03-10T08:54:31+00:00\",\"breadcrumb\":{\"@id\":\"https:\/\/somabeauty.fi\/hifu-hoidot\/#breadcrumb\"},\"inLanguage\":\"en-GB\",\"potentialAction\":[{\"@type\":\"ReadAction\",\"target\":[\"https:\/\/somabeauty.fi\/hifu-hoidot\/\"]}]},{\"@type\":\"ImageObject\",\"inLanguage\":\"en-GB\",\"@id\":\"https:\/\/somabeauty.fi\/hifu-hoidot\/#primaryimage\",\"url\":\"https:\/\/somabeauty.fi\/wp-content\/uploads\/2024\/07\/hifu-1.webp\",\"contentUrl\":\"https:\/\/somabeauty.fi\/wp-content\/uploads\/2024\/07\/hifu-1.webp\"},{\"@type\":\"BreadcrumbList\",\"@id\":\"https:\/\/somabeauty.fi\/hifu-hoidot\/#breadcrumb\",\"itemListElement\":[{\"@type\":\"ListItem\",\"position\":1,\"name\":\"Home\",\"item\":\"https:\/\/somabeauty.fi\/\"},{\"@type\":\"ListItem\",\"position\":2,\"name\":\"HIFU -hoidot\"}]},{\"@type\":\"WebSite\",\"@id\":\"https:\/\/somabeauty.fi\/#website\",\"url\":\"https:\/\/somabeauty.fi\/\",\"name\":\"Soma Beauty Clinic\",\"description\":\"\",\"publisher\":{\"@id\":\"https:\/\/somabeauty.fi\/#organization\"},\"potentialAction\":[{\"@type\":\"SearchAction\",\"target\":{\"@type\":\"EntryPoint\",\"urlTemplate\":\"https:\/\/somabeauty.fi\/?s={search_term_string}\"},\"query-input\":{\"@type\":\"PropertyValueSpecification\",\"valueRequired\":true,\"valueName\":\"search_term_string\"}}],\"inLanguage\":\"en-GB\"},{\"@type\":\"Organization\",\"@id\":\"https:\/\/somabeauty.fi\/#organization\",\"name\":\"Soma Beauty Clinic\",\"url\":\"https:\/\/somabeauty.fi\/\",\"logo\":{\"@type\":\"ImageObject\",\"inLanguage\":\"en-GB\",\"@id\":\"https:\/\/somabeauty.fi\/#\/schema\/logo\/image\/\",\"url\":\"https:\/\/somabeauty.fi\/wp-content\/uploads\/2024\/08\/logo.webp\",\"contentUrl\":\"https:\/\/somabeauty.fi\/wp-content\/uploads\/2024\/08\/logo.webp\",\"width\":800,\"height\":624,\"caption\":\"Soma Beauty Clinic\"},\"image\":{\"@id\":\"https:\/\/somabeauty.fi\/#\/schema\/logo\/image\/\"},\"sameAs\":[\"https:\/\/www.facebook.com\/somabeauty.fi\/\",\"https:\/\/www.instagram.com\/somabeautyclinic\"]}]}<\/script>\n<!-- \/ Yoast SEO plugin. -->","yoast_head_json":{"title":"Soma Beauty Clinic | HIFU -hoidot","robots":{"index":"index","follow":"follow","max-snippet":"max-snippet:-1","max-image-preview":"max-image-preview:large","max-video-preview":"max-video-preview:-1"},"canonical":"https:\/\/somabeauty.fi\/en\/hifu-hoidot\/","og_locale":"en_GB","og_type":"article","og_title":"Soma Beauty Clinic | HIFU -hoidot","og_description":"Varaa aika Turkuun (Timma) Varaa Helsinkiin (Phorest) Varaa Helsinkiin (Timma) HIFU -hoidot HIFU -kasvojenkohotus (High-intensity focused ultrasound) on uusi hoitomenetelm\u00e4 [&hellip;]","og_url":"https:\/\/somabeauty.fi\/en\/hifu-hoidot\/","og_site_name":"Soma Beauty Clinic","article_publisher":"https:\/\/www.facebook.com\/somabeauty.fi\/","article_modified_time":"2026-03-10T08:54:31+00:00","og_image":[{"width":612,"height":408,"url":"https:\/\/somabeauty.fi\/wp-content\/uploads\/2024\/07\/hifu-1.webp","type":"image\/webp"}],"twitter_card":"summary_large_image","twitter_misc":{"Estimated reading time":"3 minutes"},"schema":{"@context":"https:\/\/schema.org","@graph":[{"@type":"WebPage","@id":"https:\/\/somabeauty.fi\/hifu-hoidot\/","url":"https:\/\/somabeauty.fi\/hifu-hoidot\/","name":"Soma Beauty Clinic | HIFU -hoidot","isPartOf":{"@id":"https:\/\/somabeauty.fi\/#website"},"primaryImageOfPage":{"@id":"https:\/\/somabeauty.fi\/hifu-hoidot\/#primaryimage"},"image":{"@id":"https:\/\/somabeauty.fi\/hifu-hoidot\/#primaryimage"},"thumbnailUrl":"https:\/\/somabeauty.fi\/wp-content\/uploads\/2024\/07\/hifu-1.webp","datePublished":"2026-03-05T18:57:25+00:00","dateModified":"2026-03-10T08:54:31+00:00","breadcrumb":{"@id":"https:\/\/somabeauty.fi\/hifu-hoidot\/#breadcrumb"},"inLanguage":"en-GB","potentialAction":[{"@type":"ReadAction","target":["https:\/\/somabeauty.fi\/hifu-hoidot\/"]}]},{"@type":"ImageObject","inLanguage":"en-GB","@id":"https:\/\/somabeauty.fi\/hifu-hoidot\/#primaryimage","url":"https:\/\/somabeauty.fi\/wp-content\/uploads\/2024\/07\/hifu-1.webp","contentUrl":"https:\/\/somabeauty.fi\/wp-content\/uploads\/2024\/07\/hifu-1.webp"},{"@type":"BreadcrumbList","@id":"https:\/\/somabeauty.fi\/hifu-hoidot\/#breadcrumb","itemListElement":[{"@type":"ListItem","position":1,"name":"Home","item":"https:\/\/somabeauty.fi\/"},{"@type":"ListItem","position":2,"name":"HIFU -hoidot"}]},{"@type":"WebSite","@id":"https:\/\/somabeauty.fi\/#website","url":"https:\/\/somabeauty.fi\/","name":"Soma Beauty Clinic","description":"","publisher":{"@id":"https:\/\/somabeauty.fi\/#organization"},"potentialAction":[{"@type":"SearchAction","target":{"@type":"EntryPoint","urlTemplate":"https:\/\/somabeauty.fi\/?s={search_term_string}"},"query-input":{"@type":"PropertyValueSpecification","valueRequired":true,"valueName":"search_term_string"}}],"inLanguage":"en-GB"},{"@type":"Organization","@id":"https:\/\/somabeauty.fi\/#organization","name":"Soma Beauty Clinic","url":"https:\/\/somabeauty.fi\/","logo":{"@type":"ImageObject","inLanguage":"en-GB","@id":"https:\/\/somabeauty.fi\/#\/schema\/logo\/image\/","url":"https:\/\/somabeauty.fi\/wp-content\/uploads\/2024\/08\/logo.webp","contentUrl":"https:\/\/somabeauty.fi\/wp-content\/uploads\/2024\/08\/logo.webp","width":800,"height":624,"caption":"Soma Beauty Clinic"},"image":{"@id":"https:\/\/somabeauty.fi\/#\/schema\/logo\/image\/"},"sameAs":["https:\/\/www.facebook.com\/somabeauty.fi\/","https:\/\/www.instagram.com\/somabeautyclinic"]}]}},"_links":{"self":[{"href":"https:\/\/somabeauty.fi\/en\/wp-json\/wp\/v2\/pages\/1628","targetHints":{"allow":["GET"]}}],"collection":[{"href":"https:\/\/somabeauty.fi\/en\/wp-json\/wp\/v2\/pages"}],"about":[{"href":"https:\/\/somabeauty.fi\/en\/wp-json\/wp\/v2\/types\/page"}],"author":[{"embeddable":true,"href":"https:\/\/somabeauty.fi\/en\/wp-json\/wp\/v2\/users\/1"}],"replies":[{"embeddable":true,"href":"https:\/\/somabeauty.fi\/en\/wp-json\/wp\/v2\/comments?post=1628"}],"version-history":[{"count":13,"href":"https:\/\/somabeauty.fi\/en\/wp-json\/wp\/v2\/pages\/1628\/revisions"}],"predecessor-version":[{"id":1824,"href":"https:\/\/somabeauty.fi\/en\/wp-json\/wp\/v2\/pages\/1628\/revisions\/1824"}],"wp:attachment":[{"href":"https:\/\/somabeauty.fi\/en\/wp-json\/wp\/v2\/media?parent=1628"}],"curies":[{"name":"wp","href":"https:\/\/api.w.org\/{rel}","templated":true}]}}