{"id":1620,"date":"2026-03-05T20:56:13","date_gmt":"2026-03-05T18:56:13","guid":{"rendered":"https:\/\/somabeauty.fi\/?page_id=1620"},"modified":"2026-03-05T21:53:13","modified_gmt":"2026-03-05T19:53:13","slug":"kestopigmentointi","status":"publish","type":"page","link":"https:\/\/somabeauty.fi\/en\/kestopigmentointi\/","title":{"rendered":"Permanent pigmentation"},"content":{"rendered":"<div data-elementor-type=\"wp-page\" data-elementor-id=\"1620\" class=\"elementor elementor-1620\" data-elementor-post-type=\"page\">\n\t\t\t\t<div class=\"elementor-element elementor-element-b8fcf46 e-flex e-con-boxed e-con e-parent\" data-id=\"b8fcf46\" data-element_type=\"container\" data-e-type=\"container\">\n\t\t\t\t\t<div class=\"e-con-inner\">\n\t\t<div class=\"elementor-element elementor-element-ef8b816 e-con-full e-flex e-con e-child\" data-id=\"ef8b816\" data-element_type=\"container\" data-e-type=\"container\">\n\t\t\t\t<div class=\"elementor-element elementor-element-4a77141 elementor-widget elementor-widget-image\" data-id=\"4a77141\" data-element_type=\"widget\" data-e-type=\"widget\" data-widget_type=\"image.default\">\n\t\t\t\t<div class=\"elementor-widget-container\">\n\t\t\t\t\t\t\t\t\t\t\t\t\t\t\t<img fetchpriority=\"high\" decoding=\"async\" width=\"735\" height=\"898\" src=\"https:\/\/somabeauty.fi\/wp-content\/uploads\/2024\/07\/kestopigmentointi-2.webp\" class=\"attachment-large size-large wp-image-917\" alt=\"\" srcset=\"https:\/\/somabeauty.fi\/wp-content\/uploads\/2024\/07\/kestopigmentointi-2.webp 735w, https:\/\/somabeauty.fi\/wp-content\/uploads\/2024\/07\/kestopigmentointi-2-246x300.webp 246w, https:\/\/somabeauty.fi\/wp-content\/uploads\/2024\/07\/kestopigmentointi-2-600x733.webp 600w\" sizes=\"(max-width: 735px) 100vw, 735px\" \/>\t\t\t\t\t\t\t\t\t\t\t\t\t\t\t<\/div>\n\t\t\t\t<\/div>\n\t\t\t\t<div class=\"elementor-element elementor-element-fde41bc elementor-align-center elementor-widget elementor-widget-button\" data-id=\"fde41bc\" data-element_type=\"widget\" data-e-type=\"widget\" data-widget_type=\"button.default\">\n\t\t\t\t<div class=\"elementor-widget-container\">\n\t\t\t\t\t\t\t\t\t<div class=\"elementor-button-wrapper\">\n\t\t\t\t\t<a class=\"elementor-button elementor-button-link elementor-size-sm\" href=\"https:\/\/varaa.timma.fi\/somabeautyoy\">\n\t\t\t\t\t\t<span class=\"elementor-button-content-wrapper\">\n\t\t\t\t\t\t\t\t\t<span class=\"elementor-button-text\">Book in Turku (Timma)<\/span>\n\t\t\t\t\t<\/span>\n\t\t\t\t\t<\/a>\n\t\t\t\t<\/div>\n\t\t\t\t\t\t\t\t<\/div>\n\t\t\t\t<\/div>\n\t\t\t\t<div class=\"elementor-element elementor-element-2a95250 elementor-align-center elementor-widget elementor-widget-button\" data-id=\"2a95250\" data-element_type=\"widget\" data-e-type=\"widget\" data-widget_type=\"button.default\">\n\t\t\t\t<div class=\"elementor-widget-container\">\n\t\t\t\t\t\t\t\t\t<div class=\"elementor-button-wrapper\">\n\t\t\t\t\t<a class=\"elementor-button elementor-button-link elementor-size-sm\" href=\"https:\/\/www.phorest.com\/salon\/somabeautyclinichki\">\n\t\t\t\t\t\t<span class=\"elementor-button-content-wrapper\">\n\t\t\t\t\t\t\t\t\t<span class=\"elementor-button-text\">Book in Helsinki (Phorest)<\/span>\n\t\t\t\t\t<\/span>\n\t\t\t\t\t<\/a>\n\t\t\t\t<\/div>\n\t\t\t\t\t\t\t\t<\/div>\n\t\t\t\t<\/div>\n\t\t\t\t<div class=\"elementor-element elementor-element-52888de elementor-align-center elementor-widget elementor-widget-button\" data-id=\"52888de\" data-element_type=\"widget\" data-e-type=\"widget\" data-widget_type=\"button.default\">\n\t\t\t\t<div class=\"elementor-widget-container\">\n\t\t\t\t\t\t\t\t\t<div class=\"elementor-button-wrapper\">\n\t\t\t\t\t<a class=\"elementor-button elementor-button-link elementor-size-sm\" href=\"https:\/\/varaa.timma.fi\/somabeautyclinichelsinki\">\n\t\t\t\t\t\t<span class=\"elementor-button-content-wrapper\">\n\t\t\t\t\t\t\t\t\t<span class=\"elementor-button-text\">Book in Helsinki (Timma)<\/span>\n\t\t\t\t\t<\/span>\n\t\t\t\t\t<\/a>\n\t\t\t\t<\/div>\n\t\t\t\t\t\t\t\t<\/div>\n\t\t\t\t<\/div>\n\t\t\t\t<\/div>\n\t\t<div class=\"elementor-element elementor-element-83d236b e-con-full e-flex e-con e-child\" data-id=\"83d236b\" data-element_type=\"container\" data-e-type=\"container\">\n\t\t\t\t<div class=\"elementor-element elementor-element-e8a1a07 elementor-widget elementor-widget-menu-anchor\" data-id=\"e8a1a07\" data-element_type=\"widget\" data-e-type=\"widget\" data-widget_type=\"menu-anchor.default\">\n\t\t\t\t<div class=\"elementor-widget-container\">\n\t\t\t\t\t\t\t<div class=\"elementor-menu-anchor\" id=\"kestopigmentointi\"><\/div>\n\t\t\t\t\t\t<\/div>\n\t\t\t\t<\/div>\n\t\t\t\t<div class=\"elementor-element elementor-element-ad88318 elementor-widget elementor-widget-heading\" data-id=\"ad88318\" data-element_type=\"widget\" data-e-type=\"widget\" data-widget_type=\"heading.default\">\n\t\t\t\t<div class=\"elementor-widget-container\">\n\t\t\t\t\t<h2 class=\"elementor-heading-title elementor-size-default\">Permanent pigmentation<\/h2>\t\t\t\t<\/div>\n\t\t\t\t<\/div>\n\t\t\t\t<div class=\"elementor-element elementor-element-b86211e elementor-widget elementor-widget-text-editor\" data-id=\"b86211e\" data-element_type=\"widget\" data-e-type=\"widget\" data-widget_type=\"text-editor.default\">\n\t\t\t\t<div class=\"elementor-widget-container\">\n\t\t\t\t\t\t\t\t\t<p>Permanent pigmentation is a natural way to create beautiful and long-lasting eyebrows or lips; it speeds up morning routines and makes daily makeup easier, but it also looks natural on days without makeup. It aims to emphasize and enhance the natural shape of the face, of course respecting the client's wishes. The first treatment is always performed on the skin twice. Careful planning in advance is important for the success of pigmentation. Post-pigmentation, or reinforcement, is always necessary to achieve even and permanent pigmentation.<\/p><p>Permanent pigmentation involves injecting color into the upper layers of the skin with a narrow sterile needle. Permanent pigmentation creates the desired color and shape, for example, on the eyebrows or lips. Permanent pigmentation is a good way to achieve a beautiful, well-groomed and neat appearance easily and naturally.<\/p><p>\u00a0<\/p><p><strong>Benefits of permanent pigmentation:<\/strong><\/p><ul><li>Speeds up morning routines and makes daily makeup application easier<\/li><li>Looks natural even on makeup-free days<\/li><li>Stays on while sweating, swimming, sauna, sleeping, traveling and at home<\/li><li>Perfect for you if you can't see well or don't know how to apply makeup<\/li><li>Requires maintenance, but significantly less often than traditional makeup<\/li><\/ul><p class=\"translation-block\"><strong>Permanent pigmentation<\/strong> lasts approximately 1\u20133 years, depending on your skin type. Some skin types may last even longer. Therefore, we recommend maintenance and updates every two years.<\/p>\t\t\t\t\t\t\t\t<\/div>\n\t\t\t\t<\/div>\n\t\t\t\t<div class=\"elementor-element elementor-element-7914b44 elementor-widget elementor-widget-text-editor\" data-id=\"7914b44\" data-element_type=\"widget\" data-e-type=\"widget\" data-widget_type=\"text-editor.default\">\n\t\t\t\t<div class=\"elementor-widget-container\">\n\t\t\t\t\t\t\t\t\t<p><a href=\"https:\/\/somabeauty.fi\/wp-content\/uploads\/2025\/03\/Kotihoito-ohjeet-Tayteaineiden-laiton-jalkeen_SBC-logo.pdf\" target=\"_blank\" rel=\"noopener\">Home care instructions<\/a><\/p><p><a href=\"https:\/\/somabeauty.fi\/wp-content\/uploads\/2025\/03\/Pigmentointi-esitietolomake-ja-sopimus_SB.pdf\" target=\"_blank\" rel=\"noopener\">Consent form<\/a><\/p>\t\t\t\t\t\t\t\t<\/div>\n\t\t\t\t<\/div>\n\t\t\t\t<\/div>\n\t\t\t\t\t<\/div>\n\t\t\t\t<\/div>\n\t\t<div class=\"elementor-element elementor-element-b5e5c2e e-flex e-con-boxed e-con e-parent\" data-id=\"b5e5c2e\" data-element_type=\"container\" data-e-type=\"container\">\n\t\t\t\t\t<div class=\"e-con-inner\">\n\t\t\t\t<div class=\"elementor-element elementor-element-5351339 elementor-widget elementor-widget-text-editor\" data-id=\"5351339\" data-element_type=\"widget\" data-e-type=\"widget\" data-widget_type=\"text-editor.default\">\n\t\t\t\t<div class=\"elementor-widget-container\">\n\t\t\t\t\t\t\t\t\t<div class=\"soma-product-descriptions-container additional-container\"><p class=\"translation-block\">The prices of fillers vary depending on the area being treated, the technique and filler used, and the quantity. You can find out more about our prices <a href=\"https:\/\/somabeauty.fi\/en\/hinnasto\/\" target=\"_self\">here<\/a>.<\/p><\/div><div class=\"soma-product-descriptions-container\"><p>Cancellation conditions: cancellation of the treatment appointment free of charge 24 hours before the treatment, otherwise a cancellation fee will be charged (50% of the treatment price).<\/p><\/div><div class=\"soma-product-descriptions-container\"><a href=\"https:\/\/somabeauty.fi\/wp-content\/uploads\/2025\/03\/Suostumuskaavake-hoitotoimenpiteen-suorittamiseen.pdf\">Consent form for performing a treatment procedure<\/a><\/div>\t\t\t\t\t\t\t\t<\/div>\n\t\t\t\t<\/div>\n\t\t\t\t\t<\/div>\n\t\t\t\t<\/div>\n\t\t<div class=\"elementor-element elementor-element-356a364 e-flex e-con-boxed e-con e-parent\" data-id=\"356a364\" data-element_type=\"container\" data-e-type=\"container\" data-settings=\"{&quot;background_background&quot;:&quot;classic&quot;}\">\n\t\t\t\t\t<div class=\"e-con-inner\">\n\t\t<div class=\"elementor-element elementor-element-f2e247b e-con-full e-flex e-con e-child\" data-id=\"f2e247b\" data-element_type=\"container\" data-e-type=\"container\">\n\t\t\t\t<div class=\"elementor-element elementor-element-52f496d elementor-widget elementor-widget-heading\" data-id=\"52f496d\" data-element_type=\"widget\" data-e-type=\"widget\" data-widget_type=\"heading.default\">\n\t\t\t\t<div class=\"elementor-widget-container\">\n\t\t\t\t\t<h3 class=\"elementor-heading-title elementor-size-default\">Contact us<\/h3>\t\t\t\t<\/div>\n\t\t\t\t<\/div>\n\t\t\t\t<div class=\"elementor-element elementor-element-1553b49 elementor-widget elementor-widget-text-editor\" data-id=\"1553b49\" data-element_type=\"widget\" data-e-type=\"widget\" data-widget_type=\"text-editor.default\">\n\t\t\t\t<div class=\"elementor-widget-container\">\n\t\t\t\t\t\t\t\t\t<p>If you have any questions about the treatments or want to discuss with us, for example, whether the treatment is right for you, fill out the attached form. We'll get back to you as soon as possible!<\/p>\t\t\t\t\t\t\t\t<\/div>\n\t\t\t\t<\/div>\n\t\t\t\t<div class=\"elementor-element elementor-element-6019216 elementor-align-left elementor-widget elementor-widget-button\" data-id=\"6019216\" data-element_type=\"widget\" data-e-type=\"widget\" data-widget_type=\"button.default\">\n\t\t\t\t<div class=\"elementor-widget-container\">\n\t\t\t\t\t\t\t\t\t<div class=\"elementor-button-wrapper\">\n\t\t\t\t\t<a class=\"elementor-button elementor-button-link elementor-size-sm\" href=\"https:\/\/somabeauty.fi\/en\/varaa-aika\/\">\n\t\t\t\t\t\t<span class=\"elementor-button-content-wrapper\">\n\t\t\t\t\t\t\t\t\t<span class=\"elementor-button-text\">Book now<\/span>\n\t\t\t\t\t<\/span>\n\t\t\t\t\t<\/a>\n\t\t\t\t<\/div>\n\t\t\t\t\t\t\t\t<\/div>\n\t\t\t\t<\/div>\n\t\t\t\t<\/div>\n\t\t<div class=\"elementor-element elementor-element-f8283ea e-con-full e-flex e-con e-child\" data-id=\"f8283ea\" data-element_type=\"container\" data-e-type=\"container\">\n\t\t\t\t<div class=\"elementor-element elementor-element-6941b83 elementor-widget elementor-widget-shortcode\" data-id=\"6941b83\" data-element_type=\"widget\" data-e-type=\"widget\" data-widget_type=\"shortcode.default\">\n\t\t\t\t<div class=\"elementor-widget-container\">\n\t\t\t\t\t\t\t<div class=\"elementor-shortcode\">\n<div class=\"wpcf7 no-js\" id=\"wpcf7-f448-o1\" lang=\"en-US\" dir=\"ltr\" data-wpcf7-id=\"448\">\n<div class=\"screen-reader-response\"><p role=\"status\" aria-live=\"polite\" aria-atomic=\"true\"><\/p> <ul><\/ul><\/div>\n<form action=\"\/en\/wp-json\/wp\/v2\/pages\/1620#wpcf7-f448-o1\" method=\"post\" class=\"wpcf7-form init\" aria-label=\"Contact form\" novalidate=\"novalidate\" data-status=\"init\" data-trp-original-action=\"\/en\/wp-json\/wp\/v2\/pages\/1620#wpcf7-f448-o1\">\n<fieldset class=\"hidden-fields-container\"><input type=\"hidden\" name=\"_wpcf7\" value=\"448\" \/><input type=\"hidden\" name=\"_wpcf7_version\" value=\"6.1.5\" \/><input type=\"hidden\" name=\"_wpcf7_locale\" value=\"en_US\" \/><input type=\"hidden\" name=\"_wpcf7_unit_tag\" value=\"wpcf7-f448-o1\" \/><input type=\"hidden\" name=\"_wpcf7_container_post\" value=\"0\" \/><input type=\"hidden\" name=\"_wpcf7_posted_data_hash\" value=\"\" \/>\n<\/fieldset>\n<p><span class=\"wpcf7-form-control-wrap\" data-name=\"your-name\"><input size=\"40\" maxlength=\"400\" class=\"wpcf7-form-control wpcf7-text wpcf7-validates-as-required\" autocomplete=\"name\" aria-required=\"true\" aria-invalid=\"false\" placeholder=\"Full name\" value=\"\" type=\"text\" name=\"your-name\" \/><\/span>\n<\/p>\n<p><span class=\"wpcf7-form-control-wrap\" data-name=\"your-email\"><input size=\"40\" maxlength=\"400\" class=\"wpcf7-form-control wpcf7-email wpcf7-validates-as-required wpcf7-text wpcf7-validates-as-email\" autocomplete=\"email\" aria-required=\"true\" aria-invalid=\"false\" placeholder=\"Email\" value=\"\" type=\"email\" name=\"your-email\" \/><\/span>\n<\/p>\n<p><span class=\"wpcf7-form-control-wrap\" data-name=\"your-subject\"><input size=\"40\" maxlength=\"400\" class=\"wpcf7-form-control wpcf7-tel wpcf7-validates-as-required wpcf7-text wpcf7-validates-as-tel\" autocomplete=\"tel\" aria-required=\"true\" aria-invalid=\"false\" placeholder=\"Phone number\" value=\"\" type=\"tel\" name=\"your-subject\" \/><\/span>\n<\/p>\n<p><span class=\"wpcf7-form-control-wrap\" data-name=\"your-message\"><textarea cols=\"40\" rows=\"10\" maxlength=\"2000\" class=\"wpcf7-form-control wpcf7-textarea\" aria-invalid=\"false\" placeholder=\"Write a message here...\" name=\"your-message\"><\/textarea><\/span>\n<\/p>\n<p>By sending a message, you agree that Soma Beauty Clinic can contact you by phone, message or email.\n<\/p>\n<p><input class=\"wpcf7-form-control wpcf7-submit has-spinner\" type=\"submit\" value=\"Send\" \/>\n<\/p><div class=\"wpcf7-response-output\" aria-hidden=\"true\"><\/div>\n<input type=\"hidden\" name=\"trp-form-language\" value=\"en\"\/><\/form>\n<\/div>\n<\/div>\n\t\t\t\t\t\t<\/div>\n\t\t\t\t<\/div>\n\t\t\t\t<\/div>\n\t\t\t\t\t<\/div>\n\t\t\t\t<\/div>\n\t\t\t\t<\/div>","protected":false},"excerpt":{"rendered":"<p>Varaa aika Turkuun (Timma) Varaa Helsinkiin (Phorest) Varaa Helsinkiin (Timma) Kestopigmentointi Kestopigmentointi on luonnollinen tapa tehd\u00e4 kauniit ja pitk\u00e4\u00e4n pysyv\u00e4t [&hellip;]<\/p>\n","protected":false},"author":1,"featured_media":0,"parent":0,"menu_order":0,"comment_status":"closed","ping_status":"closed","template":"","meta":{"site-sidebar-layout":"no-sidebar","site-content-layout":"","ast-site-content-layout":"full-width-container","site-content-style":"default","site-sidebar-style":"default","ast-global-header-display":"","ast-banner-title-visibility":"","ast-main-header-display":"","ast-hfb-above-header-display":"","ast-hfb-below-header-display":"","ast-hfb-mobile-header-display":"","site-post-title":"disabled","ast-breadcrumbs-content":"","ast-featured-img":"disabled","footer-sml-layout":"","theme-transparent-header-meta":"","adv-header-id-meta":"","stick-header-meta":"","header-above-stick-meta":"","header-main-stick-meta":"","header-below-stick-meta":"","astra-migrate-meta-layouts":"default","ast-page-background-enabled":"default","ast-page-background-meta":{"desktop":{"background-color":"var(--ast-global-color-4)","background-image":"","background-repeat":"repeat","background-position":"center center","background-size":"auto","background-attachment":"scroll","background-type":"","background-media":"","overlay-type":"","overlay-color":"","overlay-opacity":"","overlay-gradient":""},"tablet":{"background-color":"","background-image":"","background-repeat":"repeat","background-position":"center center","background-size":"auto","background-attachment":"scroll","background-type":"","background-media":"","overlay-type":"","overlay-color":"","overlay-opacity":"","overlay-gradient":""},"mobile":{"background-color":"","background-image":"","background-repeat":"repeat","background-position":"center center","background-size":"auto","background-attachment":"scroll","background-type":"","background-media":"","overlay-type":"","overlay-color":"","overlay-opacity":"","overlay-gradient":""}},"ast-content-background-meta":{"desktop":{"background-color":"var(--ast-global-color-5)","background-image":"","background-repeat":"repeat","background-position":"center center","background-size":"auto","background-attachment":"scroll","background-type":"","background-media":"","overlay-type":"","overlay-color":"","overlay-opacity":"","overlay-gradient":""},"tablet":{"background-color":"var(--ast-global-color-5)","background-image":"","background-repeat":"repeat","background-position":"center center","background-size":"auto","background-attachment":"scroll","background-type":"","background-media":"","overlay-type":"","overlay-color":"","overlay-opacity":"","overlay-gradient":""},"mobile":{"background-color":"var(--ast-global-color-5)","background-image":"","background-repeat":"repeat","background-position":"center center","background-size":"auto","background-attachment":"scroll","background-type":"","background-media":"","overlay-type":"","overlay-color":"","overlay-opacity":"","overlay-gradient":""}},"footnotes":""},"class_list":["post-1620","page","type-page","status-publish","hentry"],"yoast_head":"<!-- This site is optimized with the Yoast SEO plugin v27.1.1 - https:\/\/yoast.com\/product\/yoast-seo-wordpress\/ -->\n<title>Soma Beauty Clinic | Kestopigmentointi<\/title>\n<meta name=\"robots\" content=\"index, follow, max-snippet:-1, max-image-preview:large, max-video-preview:-1\" \/>\n<link rel=\"canonical\" href=\"https:\/\/somabeauty.fi\/en\/kestopigmentointi\/\" \/>\n<meta property=\"og:locale\" content=\"en_GB\" \/>\n<meta property=\"og:type\" content=\"article\" \/>\n<meta property=\"og:title\" content=\"Soma Beauty Clinic | Kestopigmentointi\" \/>\n<meta property=\"og:description\" content=\"Varaa aika Turkuun (Timma) Varaa Helsinkiin (Phorest) Varaa Helsinkiin (Timma) Kestopigmentointi Kestopigmentointi on luonnollinen tapa tehd\u00e4 kauniit ja pitk\u00e4\u00e4n pysyv\u00e4t [&hellip;]\" \/>\n<meta property=\"og:url\" content=\"https:\/\/somabeauty.fi\/en\/kestopigmentointi\/\" \/>\n<meta property=\"og:site_name\" content=\"Soma Beauty Clinic\" \/>\n<meta property=\"article:publisher\" content=\"https:\/\/www.facebook.com\/somabeauty.fi\/\" \/>\n<meta property=\"article:modified_time\" content=\"2026-03-05T19:53:13+00:00\" \/>\n<meta property=\"og:image\" content=\"https:\/\/somabeauty.fi\/wp-content\/uploads\/2024\/07\/kestopigmentointi-2.webp\" \/>\n\t<meta property=\"og:image:width\" content=\"735\" \/>\n\t<meta property=\"og:image:height\" content=\"898\" \/>\n\t<meta property=\"og:image:type\" content=\"image\/webp\" \/>\n<meta name=\"twitter:card\" content=\"summary_large_image\" \/>\n<meta name=\"twitter:label1\" content=\"Estimated reading time\" \/>\n\t<meta name=\"twitter:data1\" content=\"2 minutes\" \/>\n<script type=\"application\/ld+json\" class=\"yoast-schema-graph\">{\"@context\":\"https:\/\/schema.org\",\"@graph\":[{\"@type\":\"WebPage\",\"@id\":\"https:\/\/somabeauty.fi\/kestopigmentointi\/\",\"url\":\"https:\/\/somabeauty.fi\/kestopigmentointi\/\",\"name\":\"Soma Beauty Clinic | Kestopigmentointi\",\"isPartOf\":{\"@id\":\"https:\/\/somabeauty.fi\/#website\"},\"primaryImageOfPage\":{\"@id\":\"https:\/\/somabeauty.fi\/kestopigmentointi\/#primaryimage\"},\"image\":{\"@id\":\"https:\/\/somabeauty.fi\/kestopigmentointi\/#primaryimage\"},\"thumbnailUrl\":\"https:\/\/somabeauty.fi\/wp-content\/uploads\/2024\/07\/kestopigmentointi-2.webp\",\"datePublished\":\"2026-03-05T18:56:13+00:00\",\"dateModified\":\"2026-03-05T19:53:13+00:00\",\"breadcrumb\":{\"@id\":\"https:\/\/somabeauty.fi\/kestopigmentointi\/#breadcrumb\"},\"inLanguage\":\"en-GB\",\"potentialAction\":[{\"@type\":\"ReadAction\",\"target\":[\"https:\/\/somabeauty.fi\/kestopigmentointi\/\"]}]},{\"@type\":\"ImageObject\",\"inLanguage\":\"en-GB\",\"@id\":\"https:\/\/somabeauty.fi\/kestopigmentointi\/#primaryimage\",\"url\":\"https:\/\/somabeauty.fi\/wp-content\/uploads\/2024\/07\/kestopigmentointi-2.webp\",\"contentUrl\":\"https:\/\/somabeauty.fi\/wp-content\/uploads\/2024\/07\/kestopigmentointi-2.webp\"},{\"@type\":\"BreadcrumbList\",\"@id\":\"https:\/\/somabeauty.fi\/kestopigmentointi\/#breadcrumb\",\"itemListElement\":[{\"@type\":\"ListItem\",\"position\":1,\"name\":\"Home\",\"item\":\"https:\/\/somabeauty.fi\/\"},{\"@type\":\"ListItem\",\"position\":2,\"name\":\"Kestopigmentointi\"}]},{\"@type\":\"WebSite\",\"@id\":\"https:\/\/somabeauty.fi\/#website\",\"url\":\"https:\/\/somabeauty.fi\/\",\"name\":\"Soma Beauty Clinic\",\"description\":\"\",\"publisher\":{\"@id\":\"https:\/\/somabeauty.fi\/#organization\"},\"potentialAction\":[{\"@type\":\"SearchAction\",\"target\":{\"@type\":\"EntryPoint\",\"urlTemplate\":\"https:\/\/somabeauty.fi\/?s={search_term_string}\"},\"query-input\":{\"@type\":\"PropertyValueSpecification\",\"valueRequired\":true,\"valueName\":\"search_term_string\"}}],\"inLanguage\":\"en-GB\"},{\"@type\":\"Organization\",\"@id\":\"https:\/\/somabeauty.fi\/#organization\",\"name\":\"Soma Beauty Clinic\",\"url\":\"https:\/\/somabeauty.fi\/\",\"logo\":{\"@type\":\"ImageObject\",\"inLanguage\":\"en-GB\",\"@id\":\"https:\/\/somabeauty.fi\/#\/schema\/logo\/image\/\",\"url\":\"https:\/\/somabeauty.fi\/wp-content\/uploads\/2024\/08\/logo.webp\",\"contentUrl\":\"https:\/\/somabeauty.fi\/wp-content\/uploads\/2024\/08\/logo.webp\",\"width\":800,\"height\":624,\"caption\":\"Soma Beauty Clinic\"},\"image\":{\"@id\":\"https:\/\/somabeauty.fi\/#\/schema\/logo\/image\/\"},\"sameAs\":[\"https:\/\/www.facebook.com\/somabeauty.fi\/\",\"https:\/\/www.instagram.com\/somabeautyclinic\"]}]}<\/script>\n<!-- \/ Yoast SEO plugin. -->","yoast_head_json":{"title":"Soma Beauty Clinic | Kestopigmentointi","robots":{"index":"index","follow":"follow","max-snippet":"max-snippet:-1","max-image-preview":"max-image-preview:large","max-video-preview":"max-video-preview:-1"},"canonical":"https:\/\/somabeauty.fi\/en\/kestopigmentointi\/","og_locale":"en_GB","og_type":"article","og_title":"Soma Beauty Clinic | Kestopigmentointi","og_description":"Varaa aika Turkuun (Timma) Varaa Helsinkiin (Phorest) Varaa Helsinkiin (Timma) Kestopigmentointi Kestopigmentointi on luonnollinen tapa tehd\u00e4 kauniit ja pitk\u00e4\u00e4n pysyv\u00e4t [&hellip;]","og_url":"https:\/\/somabeauty.fi\/en\/kestopigmentointi\/","og_site_name":"Soma Beauty Clinic","article_publisher":"https:\/\/www.facebook.com\/somabeauty.fi\/","article_modified_time":"2026-03-05T19:53:13+00:00","og_image":[{"width":735,"height":898,"url":"https:\/\/somabeauty.fi\/wp-content\/uploads\/2024\/07\/kestopigmentointi-2.webp","type":"image\/webp"}],"twitter_card":"summary_large_image","twitter_misc":{"Estimated reading time":"2 minutes"},"schema":{"@context":"https:\/\/schema.org","@graph":[{"@type":"WebPage","@id":"https:\/\/somabeauty.fi\/kestopigmentointi\/","url":"https:\/\/somabeauty.fi\/kestopigmentointi\/","name":"Soma Beauty Clinic | Kestopigmentointi","isPartOf":{"@id":"https:\/\/somabeauty.fi\/#website"},"primaryImageOfPage":{"@id":"https:\/\/somabeauty.fi\/kestopigmentointi\/#primaryimage"},"image":{"@id":"https:\/\/somabeauty.fi\/kestopigmentointi\/#primaryimage"},"thumbnailUrl":"https:\/\/somabeauty.fi\/wp-content\/uploads\/2024\/07\/kestopigmentointi-2.webp","datePublished":"2026-03-05T18:56:13+00:00","dateModified":"2026-03-05T19:53:13+00:00","breadcrumb":{"@id":"https:\/\/somabeauty.fi\/kestopigmentointi\/#breadcrumb"},"inLanguage":"en-GB","potentialAction":[{"@type":"ReadAction","target":["https:\/\/somabeauty.fi\/kestopigmentointi\/"]}]},{"@type":"ImageObject","inLanguage":"en-GB","@id":"https:\/\/somabeauty.fi\/kestopigmentointi\/#primaryimage","url":"https:\/\/somabeauty.fi\/wp-content\/uploads\/2024\/07\/kestopigmentointi-2.webp","contentUrl":"https:\/\/somabeauty.fi\/wp-content\/uploads\/2024\/07\/kestopigmentointi-2.webp"},{"@type":"BreadcrumbList","@id":"https:\/\/somabeauty.fi\/kestopigmentointi\/#breadcrumb","itemListElement":[{"@type":"ListItem","position":1,"name":"Home","item":"https:\/\/somabeauty.fi\/"},{"@type":"ListItem","position":2,"name":"Kestopigmentointi"}]},{"@type":"WebSite","@id":"https:\/\/somabeauty.fi\/#website","url":"https:\/\/somabeauty.fi\/","name":"Soma Beauty Clinic","description":"","publisher":{"@id":"https:\/\/somabeauty.fi\/#organization"},"potentialAction":[{"@type":"SearchAction","target":{"@type":"EntryPoint","urlTemplate":"https:\/\/somabeauty.fi\/?s={search_term_string}"},"query-input":{"@type":"PropertyValueSpecification","valueRequired":true,"valueName":"search_term_string"}}],"inLanguage":"en-GB"},{"@type":"Organization","@id":"https:\/\/somabeauty.fi\/#organization","name":"Soma Beauty Clinic","url":"https:\/\/somabeauty.fi\/","logo":{"@type":"ImageObject","inLanguage":"en-GB","@id":"https:\/\/somabeauty.fi\/#\/schema\/logo\/image\/","url":"https:\/\/somabeauty.fi\/wp-content\/uploads\/2024\/08\/logo.webp","contentUrl":"https:\/\/somabeauty.fi\/wp-content\/uploads\/2024\/08\/logo.webp","width":800,"height":624,"caption":"Soma Beauty Clinic"},"image":{"@id":"https:\/\/somabeauty.fi\/#\/schema\/logo\/image\/"},"sameAs":["https:\/\/www.facebook.com\/somabeauty.fi\/","https:\/\/www.instagram.com\/somabeautyclinic"]}]}},"_links":{"self":[{"href":"https:\/\/somabeauty.fi\/en\/wp-json\/wp\/v2\/pages\/1620","targetHints":{"allow":["GET"]}}],"collection":[{"href":"https:\/\/somabeauty.fi\/en\/wp-json\/wp\/v2\/pages"}],"about":[{"href":"https:\/\/somabeauty.fi\/en\/wp-json\/wp\/v2\/types\/page"}],"author":[{"embeddable":true,"href":"https:\/\/somabeauty.fi\/en\/wp-json\/wp\/v2\/users\/1"}],"replies":[{"embeddable":true,"href":"https:\/\/somabeauty.fi\/en\/wp-json\/wp\/v2\/comments?post=1620"}],"version-history":[{"count":4,"href":"https:\/\/somabeauty.fi\/en\/wp-json\/wp\/v2\/pages\/1620\/revisions"}],"predecessor-version":[{"id":1718,"href":"https:\/\/somabeauty.fi\/en\/wp-json\/wp\/v2\/pages\/1620\/revisions\/1718"}],"wp:attachment":[{"href":"https:\/\/somabeauty.fi\/en\/wp-json\/wp\/v2\/media?parent=1620"}],"curies":[{"name":"wp","href":"https:\/\/api.w.org\/{rel}","templated":true}]}}