{"id":1346,"date":"2025-02-07T09:29:44","date_gmt":"2025-02-07T07:29:44","guid":{"rendered":"https:\/\/somabeauty.fi\/?page_id=1346"},"modified":"2025-12-19T08:37:23","modified_gmt":"2025-12-19T06:37:23","slug":"yhteystiedot","status":"publish","type":"page","link":"https:\/\/somabeauty.fi\/en\/yhteystiedot\/","title":{"rendered":"Contact"},"content":{"rendered":"<div data-elementor-type=\"wp-page\" data-elementor-id=\"1346\" class=\"elementor elementor-1346\" data-elementor-post-type=\"page\">\n\t\t\t\t<div class=\"elementor-element elementor-element-d2b611b e-flex e-con-boxed e-con e-child\" data-id=\"d2b611b\" data-element_type=\"container\" data-e-type=\"container\" data-settings=\"{&quot;background_background&quot;:&quot;classic&quot;}\">\n\t\t\t\t\t<div class=\"e-con-inner\">\n\t\t<div class=\"elementor-element elementor-element-3da9828 e-con-full e-flex e-con e-child\" data-id=\"3da9828\" data-element_type=\"container\" data-e-type=\"container\">\n\t\t\t\t<div class=\"elementor-element elementor-element-c3cc685 elementor-widget elementor-widget-heading\" data-id=\"c3cc685\" data-element_type=\"widget\" data-e-type=\"widget\" data-widget_type=\"heading.default\">\n\t\t\t\t<div class=\"elementor-widget-container\">\n\t\t\t\t\t<h2 class=\"elementor-heading-title elementor-size-default\">Contact us<\/h2>\t\t\t\t<\/div>\n\t\t\t\t<\/div>\n\t\t\t\t<div class=\"elementor-element elementor-element-308e9d9 elementor-widget elementor-widget-text-editor\" data-id=\"308e9d9\" data-element_type=\"widget\" data-e-type=\"widget\" data-widget_type=\"text-editor.default\">\n\t\t\t\t<div class=\"elementor-widget-container\">\n\t\t\t\t\t\t\t\t\t<p>L\u00e4ntinen Pitk\u00e4katu 26,<br \/>20100 Turku<br \/><br \/>Pohjoisranta 8,<br \/>00170 Helsinki<\/p>\t\t\t\t\t\t\t\t<\/div>\n\t\t\t\t<\/div>\n\t\t\t\t<div class=\"elementor-element elementor-element-7894ebf elementor-widget elementor-widget-text-editor\" data-id=\"7894ebf\" data-element_type=\"widget\" data-e-type=\"widget\" data-widget_type=\"text-editor.default\">\n\t\t\t\t<div class=\"elementor-widget-container\">\n\t\t\t\t\t\t\t\t\t<p>0400 510 250<br \/>somabeautyclinic<br \/><a href=\"mailto:info@somabeauty.fi\">info@somabeauty.fi<\/a><br \/><br \/>0400 530 387<br \/>nails_somabeauty<br \/><a href=\"mailto:info@somabeauty.fi\">info@somabeauty.fi<\/a><\/p>\t\t\t\t\t\t\t\t<\/div>\n\t\t\t\t<\/div>\n\t\t<div class=\"elementor-element elementor-element-e8cc7f9 e-con-full e-flex e-con e-child\" data-id=\"e8cc7f9\" data-element_type=\"container\" data-e-type=\"container\">\n\t\t\t\t<div class=\"elementor-element elementor-element-3539093 elementor-mobile-align-center elementor-align-center elementor-widget elementor-widget-button\" data-id=\"3539093\" data-element_type=\"widget\" data-e-type=\"widget\" data-widget_type=\"button.default\">\n\t\t\t\t<div class=\"elementor-widget-container\">\n\t\t\t\t\t\t\t\t\t<div class=\"elementor-button-wrapper\">\n\t\t\t\t\t<a class=\"elementor-button elementor-button-link elementor-size-sm\" href=\"https:\/\/varaa.timma.fi\/somabeautyoy\">\n\t\t\t\t\t\t<span class=\"elementor-button-content-wrapper\">\n\t\t\t\t\t\t<span class=\"elementor-button-icon\">\n\t\t\t\t<svg aria-hidden=\"true\" class=\"e-font-icon-svg e-fas-long-arrow-alt-right\" viewbox=\"0 0 448 512\" xmlns=\"http:\/\/www.w3.org\/2000\/svg\"><path d=\"M313.941 216H12c-6.627 0-12 5.373-12 12v56c0 6.627 5.373 12 12 12h301.941v46.059c0 21.382 25.851 32.09 40.971 16.971l86.059-86.059c9.373-9.373 9.373-24.569 0-33.941l-86.059-86.059c-15.119-15.119-40.971-4.411-40.971 16.971V216z\"><\/path><\/svg>\t\t\t<\/span>\n\t\t\t\t\t\t\t\t\t<span class=\"elementor-button-text\">Book in Turku (Timma)<\/span>\n\t\t\t\t\t<\/span>\n\t\t\t\t\t<\/a>\n\t\t\t\t<\/div>\n\t\t\t\t\t\t\t\t<\/div>\n\t\t\t\t<\/div>\n\t\t\t\t<div class=\"elementor-element elementor-element-a2b13ef elementor-mobile-align-center elementor-align-center elementor-widget elementor-widget-button\" data-id=\"a2b13ef\" data-element_type=\"widget\" data-e-type=\"widget\" data-widget_type=\"button.default\">\n\t\t\t\t<div class=\"elementor-widget-container\">\n\t\t\t\t\t\t\t\t\t<div class=\"elementor-button-wrapper\">\n\t\t\t\t\t<a class=\"elementor-button elementor-button-link elementor-size-sm\" href=\"https:\/\/www.phorest.com\/salon\/somabeautyclinichki\">\n\t\t\t\t\t\t<span class=\"elementor-button-content-wrapper\">\n\t\t\t\t\t\t<span class=\"elementor-button-icon\">\n\t\t\t\t<svg aria-hidden=\"true\" class=\"e-font-icon-svg e-fas-long-arrow-alt-right\" viewbox=\"0 0 448 512\" xmlns=\"http:\/\/www.w3.org\/2000\/svg\"><path d=\"M313.941 216H12c-6.627 0-12 5.373-12 12v56c0 6.627 5.373 12 12 12h301.941v46.059c0 21.382 25.851 32.09 40.971 16.971l86.059-86.059c9.373-9.373 9.373-24.569 0-33.941l-86.059-86.059c-15.119-15.119-40.971-4.411-40.971 16.971V216z\"><\/path><\/svg>\t\t\t<\/span>\n\t\t\t\t\t\t\t\t\t<span class=\"elementor-button-text\">Book in Helsinki (Phorest)<\/span>\n\t\t\t\t\t<\/span>\n\t\t\t\t\t<\/a>\n\t\t\t\t<\/div>\n\t\t\t\t\t\t\t\t<\/div>\n\t\t\t\t<\/div>\n\t\t\t\t<div class=\"elementor-element elementor-element-c6ea84a elementor-mobile-align-center elementor-align-center elementor-widget elementor-widget-button\" data-id=\"c6ea84a\" data-element_type=\"widget\" data-e-type=\"widget\" data-widget_type=\"button.default\">\n\t\t\t\t<div class=\"elementor-widget-container\">\n\t\t\t\t\t\t\t\t\t<div class=\"elementor-button-wrapper\">\n\t\t\t\t\t<a class=\"elementor-button elementor-button-link elementor-size-sm\" href=\"https:\/\/varaa.timma.fi\/somabeautyclinichelsinki\">\n\t\t\t\t\t\t<span class=\"elementor-button-content-wrapper\">\n\t\t\t\t\t\t<span class=\"elementor-button-icon\">\n\t\t\t\t<svg aria-hidden=\"true\" class=\"e-font-icon-svg e-fas-long-arrow-alt-right\" viewbox=\"0 0 448 512\" xmlns=\"http:\/\/www.w3.org\/2000\/svg\"><path d=\"M313.941 216H12c-6.627 0-12 5.373-12 12v56c0 6.627 5.373 12 12 12h301.941v46.059c0 21.382 25.851 32.09 40.971 16.971l86.059-86.059c9.373-9.373 9.373-24.569 0-33.941l-86.059-86.059c-15.119-15.119-40.971-4.411-40.971 16.971V216z\"><\/path><\/svg>\t\t\t<\/span>\n\t\t\t\t\t\t\t\t\t<span class=\"elementor-button-text\">Book in Helsinki (Timma)<\/span>\n\t\t\t\t\t<\/span>\n\t\t\t\t\t<\/a>\n\t\t\t\t<\/div>\n\t\t\t\t\t\t\t\t<\/div>\n\t\t\t\t<\/div>\n\t\t\t\t<\/div>\n\t\t\t\t<\/div>\n\t\t<div class=\"elementor-element elementor-element-b46cd7d e-con-full e-flex e-con e-child\" data-id=\"b46cd7d\" data-element_type=\"container\" data-e-type=\"container\">\n\t\t\t\t<div class=\"elementor-element elementor-element-af0e32e elementor-widget elementor-widget-shortcode\" data-id=\"af0e32e\" data-element_type=\"widget\" data-e-type=\"widget\" data-widget_type=\"shortcode.default\">\n\t\t\t\t<div class=\"elementor-widget-container\">\n\t\t\t\t\t\t\t<div class=\"elementor-shortcode\">\n<div class=\"wpcf7 no-js\" id=\"wpcf7-f448-o1\" lang=\"en-US\" dir=\"ltr\" data-wpcf7-id=\"448\">\n<div class=\"screen-reader-response\"><p role=\"status\" aria-live=\"polite\" aria-atomic=\"true\"><\/p> <ul><\/ul><\/div>\n<form action=\"\/en\/wp-json\/wp\/v2\/pages\/1346#wpcf7-f448-o1\" method=\"post\" class=\"wpcf7-form init\" aria-label=\"Contact form\" novalidate=\"novalidate\" data-status=\"init\" data-trp-original-action=\"\/en\/wp-json\/wp\/v2\/pages\/1346#wpcf7-f448-o1\">\n<fieldset class=\"hidden-fields-container\"><input type=\"hidden\" name=\"_wpcf7\" value=\"448\" \/><input type=\"hidden\" name=\"_wpcf7_version\" value=\"6.1.5\" \/><input type=\"hidden\" name=\"_wpcf7_locale\" value=\"en_US\" \/><input type=\"hidden\" name=\"_wpcf7_unit_tag\" value=\"wpcf7-f448-o1\" \/><input type=\"hidden\" name=\"_wpcf7_container_post\" value=\"0\" \/><input type=\"hidden\" name=\"_wpcf7_posted_data_hash\" value=\"\" \/>\n<\/fieldset>\n<p><span class=\"wpcf7-form-control-wrap\" data-name=\"your-name\"><input size=\"40\" maxlength=\"400\" class=\"wpcf7-form-control wpcf7-text wpcf7-validates-as-required\" autocomplete=\"name\" aria-required=\"true\" aria-invalid=\"false\" placeholder=\"Full name\" value=\"\" type=\"text\" name=\"your-name\" \/><\/span>\n<\/p>\n<p><span class=\"wpcf7-form-control-wrap\" data-name=\"your-email\"><input size=\"40\" maxlength=\"400\" class=\"wpcf7-form-control wpcf7-email wpcf7-validates-as-required wpcf7-text wpcf7-validates-as-email\" autocomplete=\"email\" aria-required=\"true\" aria-invalid=\"false\" placeholder=\"Email\" value=\"\" type=\"email\" name=\"your-email\" \/><\/span>\n<\/p>\n<p><span class=\"wpcf7-form-control-wrap\" data-name=\"your-subject\"><input size=\"40\" maxlength=\"400\" class=\"wpcf7-form-control wpcf7-tel wpcf7-validates-as-required wpcf7-text wpcf7-validates-as-tel\" autocomplete=\"tel\" aria-required=\"true\" aria-invalid=\"false\" placeholder=\"Phone number\" value=\"\" type=\"tel\" name=\"your-subject\" \/><\/span>\n<\/p>\n<p><span class=\"wpcf7-form-control-wrap\" data-name=\"your-message\"><textarea cols=\"40\" rows=\"10\" maxlength=\"2000\" class=\"wpcf7-form-control wpcf7-textarea\" aria-invalid=\"false\" placeholder=\"Write a message here...\" name=\"your-message\"><\/textarea><\/span>\n<\/p>\n<p>By sending a message, you agree that Soma Beauty Clinic can contact you by phone, message or email.\n<\/p>\n<p><input class=\"wpcf7-form-control wpcf7-submit has-spinner\" type=\"submit\" value=\"Send\" \/>\n<\/p><div class=\"wpcf7-response-output\" aria-hidden=\"true\"><\/div>\n<input type=\"hidden\" name=\"trp-form-language\" value=\"en\"\/><\/form>\n<\/div>\n<\/div>\n\t\t\t\t\t\t<\/div>\n\t\t\t\t<\/div>\n\t\t\t\t<\/div>\n\t\t\t\t\t<\/div>\n\t\t\t\t<\/div>\n\t\t\t\t<\/div>","protected":false},"excerpt":{"rendered":"<p>Ota yhteytt\u00e4 L\u00e4ntinen Pitk\u00e4katu 26,20100 Turku Pohjoisranta 8,00170 Helsinki 0400 510 250somabeautyclinicinfo@somabeauty.fi 0400 530 387nails_somabeautyinfo@somabeauty.fi Varaa aika Turkuun (Timma) Varaa [&hellip;]<\/p>\n","protected":false},"author":1,"featured_media":0,"parent":0,"menu_order":0,"comment_status":"closed","ping_status":"closed","template":"","meta":{"site-sidebar-layout":"no-sidebar","site-content-layout":"","ast-site-content-layout":"full-width-container","site-content-style":"default","site-sidebar-style":"default","ast-global-header-display":"","ast-banner-title-visibility":"","ast-main-header-display":"","ast-hfb-above-header-display":"","ast-hfb-below-header-display":"","ast-hfb-mobile-header-display":"","site-post-title":"disabled","ast-breadcrumbs-content":"","ast-featured-img":"disabled","footer-sml-layout":"","theme-transparent-header-meta":"","adv-header-id-meta":"","stick-header-meta":"","header-above-stick-meta":"","header-main-stick-meta":"","header-below-stick-meta":"","astra-migrate-meta-layouts":"default","ast-page-background-enabled":"default","ast-page-background-meta":{"desktop":{"background-color":"var(--ast-global-color-4)","background-image":"","background-repeat":"repeat","background-position":"center center","background-size":"auto","background-attachment":"scroll","background-type":"","background-media":"","overlay-type":"","overlay-color":"","overlay-opacity":"","overlay-gradient":""},"tablet":{"background-color":"","background-image":"","background-repeat":"repeat","background-position":"center center","background-size":"auto","background-attachment":"scroll","background-type":"","background-media":"","overlay-type":"","overlay-color":"","overlay-opacity":"","overlay-gradient":""},"mobile":{"background-color":"","background-image":"","background-repeat":"repeat","background-position":"center center","background-size":"auto","background-attachment":"scroll","background-type":"","background-media":"","overlay-type":"","overlay-color":"","overlay-opacity":"","overlay-gradient":""}},"ast-content-background-meta":{"desktop":{"background-color":"var(--ast-global-color-5)","background-image":"","background-repeat":"repeat","background-position":"center center","background-size":"auto","background-attachment":"scroll","background-type":"","background-media":"","overlay-type":"","overlay-color":"","overlay-opacity":"","overlay-gradient":""},"tablet":{"background-color":"var(--ast-global-color-5)","background-image":"","background-repeat":"repeat","background-position":"center center","background-size":"auto","background-attachment":"scroll","background-type":"","background-media":"","overlay-type":"","overlay-color":"","overlay-opacity":"","overlay-gradient":""},"mobile":{"background-color":"var(--ast-global-color-5)","background-image":"","background-repeat":"repeat","background-position":"center center","background-size":"auto","background-attachment":"scroll","background-type":"","background-media":"","overlay-type":"","overlay-color":"","overlay-opacity":"","overlay-gradient":""}},"footnotes":""},"class_list":["post-1346","page","type-page","status-publish","hentry"],"yoast_head":"<!-- This site is optimized with the Yoast SEO plugin v27.1.1 - https:\/\/yoast.com\/product\/yoast-seo-wordpress\/ -->\n<title>Soma Beauty Clinic | Yhteystiedot<\/title>\n<meta name=\"robots\" content=\"index, follow, max-snippet:-1, max-image-preview:large, max-video-preview:-1\" \/>\n<link rel=\"canonical\" href=\"https:\/\/somabeauty.fi\/en\/yhteystiedot\/\" \/>\n<meta property=\"og:locale\" content=\"en_GB\" \/>\n<meta property=\"og:type\" content=\"article\" \/>\n<meta property=\"og:title\" content=\"Soma Beauty Clinic | Yhteystiedot\" \/>\n<meta property=\"og:description\" content=\"Ota yhteytt\u00e4 L\u00e4ntinen Pitk\u00e4katu 26,20100 Turku Pohjoisranta 8,00170 Helsinki 0400 510 250somabeautyclinicinfo@somabeauty.fi 0400 530 387nails_somabeautyinfo@somabeauty.fi Varaa aika Turkuun (Timma) Varaa [&hellip;]\" \/>\n<meta property=\"og:url\" content=\"https:\/\/somabeauty.fi\/en\/yhteystiedot\/\" \/>\n<meta property=\"og:site_name\" content=\"Soma Beauty Clinic\" \/>\n<meta property=\"article:publisher\" content=\"https:\/\/www.facebook.com\/somabeauty.fi\/\" \/>\n<meta property=\"article:modified_time\" content=\"2025-12-19T06:37:23+00:00\" \/>\n<meta name=\"twitter:card\" content=\"summary_large_image\" \/>\n<meta name=\"twitter:label1\" content=\"Estimated reading time\" \/>\n\t<meta name=\"twitter:data1\" content=\"1 minute\" \/>\n<script type=\"application\/ld+json\" class=\"yoast-schema-graph\">{\"@context\":\"https:\/\/schema.org\",\"@graph\":[{\"@type\":\"WebPage\",\"@id\":\"https:\/\/somabeauty.fi\/yhteystiedot\/\",\"url\":\"https:\/\/somabeauty.fi\/yhteystiedot\/\",\"name\":\"Soma Beauty Clinic | Yhteystiedot\",\"isPartOf\":{\"@id\":\"https:\/\/somabeauty.fi\/#website\"},\"datePublished\":\"2025-02-07T07:29:44+00:00\",\"dateModified\":\"2025-12-19T06:37:23+00:00\",\"breadcrumb\":{\"@id\":\"https:\/\/somabeauty.fi\/yhteystiedot\/#breadcrumb\"},\"inLanguage\":\"en-GB\",\"potentialAction\":[{\"@type\":\"ReadAction\",\"target\":[\"https:\/\/somabeauty.fi\/yhteystiedot\/\"]}]},{\"@type\":\"BreadcrumbList\",\"@id\":\"https:\/\/somabeauty.fi\/yhteystiedot\/#breadcrumb\",\"itemListElement\":[{\"@type\":\"ListItem\",\"position\":1,\"name\":\"Home\",\"item\":\"https:\/\/somabeauty.fi\/\"},{\"@type\":\"ListItem\",\"position\":2,\"name\":\"Yhteystiedot\"}]},{\"@type\":\"WebSite\",\"@id\":\"https:\/\/somabeauty.fi\/#website\",\"url\":\"https:\/\/somabeauty.fi\/\",\"name\":\"Soma Beauty Clinic\",\"description\":\"\",\"publisher\":{\"@id\":\"https:\/\/somabeauty.fi\/#organization\"},\"potentialAction\":[{\"@type\":\"SearchAction\",\"target\":{\"@type\":\"EntryPoint\",\"urlTemplate\":\"https:\/\/somabeauty.fi\/?s={search_term_string}\"},\"query-input\":{\"@type\":\"PropertyValueSpecification\",\"valueRequired\":true,\"valueName\":\"search_term_string\"}}],\"inLanguage\":\"en-GB\"},{\"@type\":\"Organization\",\"@id\":\"https:\/\/somabeauty.fi\/#organization\",\"name\":\"Soma Beauty Clinic\",\"url\":\"https:\/\/somabeauty.fi\/\",\"logo\":{\"@type\":\"ImageObject\",\"inLanguage\":\"en-GB\",\"@id\":\"https:\/\/somabeauty.fi\/#\/schema\/logo\/image\/\",\"url\":\"https:\/\/somabeauty.fi\/wp-content\/uploads\/2024\/08\/logo.webp\",\"contentUrl\":\"https:\/\/somabeauty.fi\/wp-content\/uploads\/2024\/08\/logo.webp\",\"width\":800,\"height\":624,\"caption\":\"Soma Beauty Clinic\"},\"image\":{\"@id\":\"https:\/\/somabeauty.fi\/#\/schema\/logo\/image\/\"},\"sameAs\":[\"https:\/\/www.facebook.com\/somabeauty.fi\/\",\"https:\/\/www.instagram.com\/somabeautyclinic\"]}]}<\/script>\n<!-- \/ Yoast SEO plugin. -->","yoast_head_json":{"title":"Soma Beauty Clinic | Yhteystiedot","robots":{"index":"index","follow":"follow","max-snippet":"max-snippet:-1","max-image-preview":"max-image-preview:large","max-video-preview":"max-video-preview:-1"},"canonical":"https:\/\/somabeauty.fi\/en\/yhteystiedot\/","og_locale":"en_GB","og_type":"article","og_title":"Soma Beauty Clinic | Yhteystiedot","og_description":"Ota yhteytt\u00e4 L\u00e4ntinen Pitk\u00e4katu 26,20100 Turku Pohjoisranta 8,00170 Helsinki 0400 510 250somabeautyclinicinfo@somabeauty.fi 0400 530 387nails_somabeautyinfo@somabeauty.fi Varaa aika Turkuun (Timma) Varaa [&hellip;]","og_url":"https:\/\/somabeauty.fi\/en\/yhteystiedot\/","og_site_name":"Soma Beauty Clinic","article_publisher":"https:\/\/www.facebook.com\/somabeauty.fi\/","article_modified_time":"2025-12-19T06:37:23+00:00","twitter_card":"summary_large_image","twitter_misc":{"Estimated reading time":"1 minute"},"schema":{"@context":"https:\/\/schema.org","@graph":[{"@type":"WebPage","@id":"https:\/\/somabeauty.fi\/yhteystiedot\/","url":"https:\/\/somabeauty.fi\/yhteystiedot\/","name":"Soma Beauty Clinic | Yhteystiedot","isPartOf":{"@id":"https:\/\/somabeauty.fi\/#website"},"datePublished":"2025-02-07T07:29:44+00:00","dateModified":"2025-12-19T06:37:23+00:00","breadcrumb":{"@id":"https:\/\/somabeauty.fi\/yhteystiedot\/#breadcrumb"},"inLanguage":"en-GB","potentialAction":[{"@type":"ReadAction","target":["https:\/\/somabeauty.fi\/yhteystiedot\/"]}]},{"@type":"BreadcrumbList","@id":"https:\/\/somabeauty.fi\/yhteystiedot\/#breadcrumb","itemListElement":[{"@type":"ListItem","position":1,"name":"Home","item":"https:\/\/somabeauty.fi\/"},{"@type":"ListItem","position":2,"name":"Yhteystiedot"}]},{"@type":"WebSite","@id":"https:\/\/somabeauty.fi\/#website","url":"https:\/\/somabeauty.fi\/","name":"Soma Beauty Clinic","description":"","publisher":{"@id":"https:\/\/somabeauty.fi\/#organization"},"potentialAction":[{"@type":"SearchAction","target":{"@type":"EntryPoint","urlTemplate":"https:\/\/somabeauty.fi\/?s={search_term_string}"},"query-input":{"@type":"PropertyValueSpecification","valueRequired":true,"valueName":"search_term_string"}}],"inLanguage":"en-GB"},{"@type":"Organization","@id":"https:\/\/somabeauty.fi\/#organization","name":"Soma Beauty Clinic","url":"https:\/\/somabeauty.fi\/","logo":{"@type":"ImageObject","inLanguage":"en-GB","@id":"https:\/\/somabeauty.fi\/#\/schema\/logo\/image\/","url":"https:\/\/somabeauty.fi\/wp-content\/uploads\/2024\/08\/logo.webp","contentUrl":"https:\/\/somabeauty.fi\/wp-content\/uploads\/2024\/08\/logo.webp","width":800,"height":624,"caption":"Soma Beauty Clinic"},"image":{"@id":"https:\/\/somabeauty.fi\/#\/schema\/logo\/image\/"},"sameAs":["https:\/\/www.facebook.com\/somabeauty.fi\/","https:\/\/www.instagram.com\/somabeautyclinic"]}]}},"_links":{"self":[{"href":"https:\/\/somabeauty.fi\/en\/wp-json\/wp\/v2\/pages\/1346","targetHints":{"allow":["GET"]}}],"collection":[{"href":"https:\/\/somabeauty.fi\/en\/wp-json\/wp\/v2\/pages"}],"about":[{"href":"https:\/\/somabeauty.fi\/en\/wp-json\/wp\/v2\/types\/page"}],"author":[{"embeddable":true,"href":"https:\/\/somabeauty.fi\/en\/wp-json\/wp\/v2\/users\/1"}],"replies":[{"embeddable":true,"href":"https:\/\/somabeauty.fi\/en\/wp-json\/wp\/v2\/comments?post=1346"}],"version-history":[{"count":16,"href":"https:\/\/somabeauty.fi\/en\/wp-json\/wp\/v2\/pages\/1346\/revisions"}],"predecessor-version":[{"id":1598,"href":"https:\/\/somabeauty.fi\/en\/wp-json\/wp\/v2\/pages\/1346\/revisions\/1598"}],"wp:attachment":[{"href":"https:\/\/somabeauty.fi\/en\/wp-json\/wp\/v2\/media?parent=1346"}],"curies":[{"name":"wp","href":"https:\/\/api.w.org\/{rel}","templated":true}]}}